{"id":954,"date":"2026-03-24T18:14:34","date_gmt":"2026-03-24T21:14:34","guid":{"rendered":"https:\/\/jetasolutions.com.br\/vitrine\/?post_type=product&#038;p=954"},"modified":"2026-03-24T18:14:34","modified_gmt":"2026-03-24T21:14:34","slug":"espremedor-eletrico-laranja-limao-frutas-fazer-sucos-recarregavel-usb-cozinha","status":"publish","type":"product","link":"https:\/\/jetasolutions.com.br\/vitrine\/?product=espremedor-eletrico-laranja-limao-frutas-fazer-sucos-recarregavel-usb-cozinha","title":{"rendered":"Espremedor El\u00e9trico Laranja Lim\u00e3o Frutas Fazer Sucos Recarreg\u00e1vel Usb Cozinha"},"content":{"rendered":"<h6>Espremedor El\u00e9trico Laranja Lim\u00e3o Frutas Fazer Sucos Recarreg\u00e1vel Usb Cozinha<\/h6>\n","protected":false},"excerpt":{"rendered":"<p>Espremedor El\u00e9trico Laranja Lim\u00e3o Frutas Fazer Sucos Recarreg\u00e1vel Usb Cozinha<\/p>\n","protected":false},"featured_media":955,"comment_status":"open","ping_status":"closed","template":"","meta":{"_monsterinsights_skip_tracking":false,"_monsterinsights_sitenote_active":false,"_monsterinsights_sitenote_note":"","_monsterinsights_sitenote_category":0,"_uf_show_specific_survey":0,"_uf_disable_surveys":false,"_joinchat":[]},"product_brand":[],"product_cat":[126,127],"product_tag":[55,53],"class_list":{"0":"post-954","1":"product","2":"type-product","3":"status-publish","4":"has-post-thumbnail","6":"product_cat-achadinhos","7":"product_cat-eletrodomesticos","8":"product_tag-most-popular","9":"product_tag-top-rated","11":"first","12":"instock","13":"shipping-taxable","14":"product-type-external"},"jetpack_sharing_enabled":true,"_links":{"self":[{"href":"https:\/\/jetasolutions.com.br\/vitrine\/index.php?rest_route=\/wp\/v2\/product\/954","targetHints":{"allow":["GET"]}}],"collection":[{"href":"https:\/\/jetasolutions.com.br\/vitrine\/index.php?rest_route=\/wp\/v2\/product"}],"about":[{"href":"https:\/\/jetasolutions.com.br\/vitrine\/index.php?rest_route=\/wp\/v2\/types\/product"}],"replies":[{"embeddable":true,"href":"https:\/\/jetasolutions.com.br\/vitrine\/index.php?rest_route=%2Fwp%2Fv2%2Fcomments&post=954"}],"wp:featuredmedia":[{"embeddable":true,"href":"https:\/\/jetasolutions.com.br\/vitrine\/index.php?rest_route=\/wp\/v2\/media\/955"}],"wp:attachment":[{"href":"https:\/\/jetasolutions.com.br\/vitrine\/index.php?rest_route=%2Fwp%2Fv2%2Fmedia&parent=954"}],"wp:term":[{"taxonomy":"product_brand","embeddable":true,"href":"https:\/\/jetasolutions.com.br\/vitrine\/index.php?rest_route=%2Fwp%2Fv2%2Fproduct_brand&post=954"},{"taxonomy":"product_cat","embeddable":true,"href":"https:\/\/jetasolutions.com.br\/vitrine\/index.php?rest_route=%2Fwp%2Fv2%2Fproduct_cat&post=954"},{"taxonomy":"product_tag","embeddable":true,"href":"https:\/\/jetasolutions.com.br\/vitrine\/index.php?rest_route=%2Fwp%2Fv2%2Fproduct_tag&post=954"}],"curies":[{"name":"wp","href":"https:\/\/api.w.org\/{rel}","templated":true}]}}