{"id":730,"date":"2026-03-22T10:52:32","date_gmt":"2026-03-22T13:52:32","guid":{"rendered":"https:\/\/jetasolutions.com.br\/vitrine\/?post_type=product&#038;p=730"},"modified":"2026-03-22T11:15:01","modified_gmt":"2026-03-22T14:15:01","slug":"40-pecas-46-pecas-jogo-de-chave-catraca-caixa-de-ferramentas-completa-reversivel-soquetes-maleta","status":"publish","type":"product","link":"https:\/\/jetasolutions.com.br\/vitrine\/?product=40-pecas-46-pecas-jogo-de-chave-catraca-caixa-de-ferramentas-completa-reversivel-soquetes-maleta","title":{"rendered":"40 Pe\u00e7as \/ 46 Pe\u00e7as Jogo De Chave Catraca Caixa De Ferramentas Completa Revers\u00edvel Soquetes Maleta"},"content":{"rendered":"<h6>40 Pe\u00e7as \/ 46 Pe\u00e7as Jogo De Chave Catraca Caixa De Ferramentas Completa Revers\u00edvel Soquetes Maleta<\/h6>\n","protected":false},"excerpt":{"rendered":"<p>40 Pe\u00e7as \/ 46 Pe\u00e7as Jogo De Chave Catraca Caixa De Ferramentas Completa Revers\u00edvel Soquetes Maleta<\/p>\n","protected":false},"featured_media":731,"comment_status":"open","ping_status":"closed","template":"","meta":{"_monsterinsights_skip_tracking":false,"_monsterinsights_sitenote_active":false,"_monsterinsights_sitenote_note":"","_monsterinsights_sitenote_category":0,"_uf_show_specific_survey":0,"_uf_disable_surveys":false,"_joinchat":[]},"product_brand":[],"product_cat":[115],"product_tag":[55,53,57],"class_list":{"0":"post-730","1":"product","2":"type-product","3":"status-publish","4":"has-post-thumbnail","6":"product_cat-ferramentas","7":"product_tag-most-popular","8":"product_tag-top-rated","9":"product_tag-top-selling","11":"first","12":"instock","13":"shipping-taxable","14":"product-type-external"},"jetpack_sharing_enabled":true,"_links":{"self":[{"href":"https:\/\/jetasolutions.com.br\/vitrine\/index.php?rest_route=\/wp\/v2\/product\/730","targetHints":{"allow":["GET"]}}],"collection":[{"href":"https:\/\/jetasolutions.com.br\/vitrine\/index.php?rest_route=\/wp\/v2\/product"}],"about":[{"href":"https:\/\/jetasolutions.com.br\/vitrine\/index.php?rest_route=\/wp\/v2\/types\/product"}],"replies":[{"embeddable":true,"href":"https:\/\/jetasolutions.com.br\/vitrine\/index.php?rest_route=%2Fwp%2Fv2%2Fcomments&post=730"}],"wp:featuredmedia":[{"embeddable":true,"href":"https:\/\/jetasolutions.com.br\/vitrine\/index.php?rest_route=\/wp\/v2\/media\/731"}],"wp:attachment":[{"href":"https:\/\/jetasolutions.com.br\/vitrine\/index.php?rest_route=%2Fwp%2Fv2%2Fmedia&parent=730"}],"wp:term":[{"taxonomy":"product_brand","embeddable":true,"href":"https:\/\/jetasolutions.com.br\/vitrine\/index.php?rest_route=%2Fwp%2Fv2%2Fproduct_brand&post=730"},{"taxonomy":"product_cat","embeddable":true,"href":"https:\/\/jetasolutions.com.br\/vitrine\/index.php?rest_route=%2Fwp%2Fv2%2Fproduct_cat&post=730"},{"taxonomy":"product_tag","embeddable":true,"href":"https:\/\/jetasolutions.com.br\/vitrine\/index.php?rest_route=%2Fwp%2Fv2%2Fproduct_tag&post=730"}],"curies":[{"name":"wp","href":"https:\/\/api.w.org\/{rel}","templated":true}]}}