{"id":3023,"date":"2026-05-06T07:35:23","date_gmt":"2026-05-06T10:35:23","guid":{"rendered":"https:\/\/jetasolutions.com.br\/vitrine\/?post_type=product&#038;p=3023"},"modified":"2026-05-06T07:54:09","modified_gmt":"2026-05-06T10:54:09","slug":"promocao-watercat-amarelo-tiktok","status":"publish","type":"product","link":"https:\/\/jetasolutions.com.br\/vitrine\/?product=promocao-watercat-amarelo-tiktok","title":{"rendered":"Promo\u00e7\u00e3o WaterCat Amarelo Tiktok"},"content":{"rendered":"<p>Promo\u00e7\u00e3o WaterCat Amarelo Tiktok<\/p>\n","protected":false},"excerpt":{"rendered":"<p>Promo\u00e7\u00e3o WaterCat Amarelo Tiktok<\/p>\n","protected":false},"featured_media":3024,"template":"","meta":{"_uf_show_specific_survey":0,"_uf_disable_surveys":false,"_glsr_average":0,"_glsr_ranking":0,"_glsr_reviews":0,"_joinchat":[]},"product_brand":[102,101],"product_cat":[126,132,151],"product_tag":[150,47,143,53,51],"class_list":{"0":"post-3023","1":"product","2":"type-product","3":"status-publish","4":"has-post-thumbnail","6":"product_brand-jetaplast","7":"product_brand-jetasolutions","8":"product_cat-achadinhos","9":"product_cat-pets","10":"product_cat-todos","11":"product_tag-geral","12":"product_tag-new-arrival","13":"product_tag-shopee","14":"product_tag-top-rated","15":"product_tag-trending-now","17":"first","18":"instock","19":"sale","20":"shipping-taxable","21":"product-type-external"},"jetpack_sharing_enabled":true,"_links":{"self":[{"href":"https:\/\/jetasolutions.com.br\/vitrine\/index.php?rest_route=\/wp\/v2\/product\/3023","targetHints":{"allow":["GET"]}}],"collection":[{"href":"https:\/\/jetasolutions.com.br\/vitrine\/index.php?rest_route=\/wp\/v2\/product"}],"about":[{"href":"https:\/\/jetasolutions.com.br\/vitrine\/index.php?rest_route=\/wp\/v2\/types\/product"}],"version-history":[{"count":1,"href":"https:\/\/jetasolutions.com.br\/vitrine\/index.php?rest_route=\/wp\/v2\/product\/3023\/revisions"}],"predecessor-version":[{"id":3027,"href":"https:\/\/jetasolutions.com.br\/vitrine\/index.php?rest_route=\/wp\/v2\/product\/3023\/revisions\/3027"}],"wp:featuredmedia":[{"embeddable":true,"href":"https:\/\/jetasolutions.com.br\/vitrine\/index.php?rest_route=\/wp\/v2\/media\/3024"}],"wp:attachment":[{"href":"https:\/\/jetasolutions.com.br\/vitrine\/index.php?rest_route=%2Fwp%2Fv2%2Fmedia&parent=3023"}],"wp:term":[{"taxonomy":"product_brand","embeddable":true,"href":"https:\/\/jetasolutions.com.br\/vitrine\/index.php?rest_route=%2Fwp%2Fv2%2Fproduct_brand&post=3023"},{"taxonomy":"product_cat","embeddable":true,"href":"https:\/\/jetasolutions.com.br\/vitrine\/index.php?rest_route=%2Fwp%2Fv2%2Fproduct_cat&post=3023"},{"taxonomy":"product_tag","embeddable":true,"href":"https:\/\/jetasolutions.com.br\/vitrine\/index.php?rest_route=%2Fwp%2Fv2%2Fproduct_tag&post=3023"}],"curies":[{"name":"wp","href":"https:\/\/api.w.org\/{rel}","templated":true}]}}