{"id":243,"date":"2026-03-17T20:58:36","date_gmt":"2026-03-17T23:58:36","guid":{"rendered":"https:\/\/loja.jetasolutions.com.br\/vitrine\/produto\/smallest-wireless-bluetooth-speaker-2\/"},"modified":"2026-03-22T15:28:26","modified_gmt":"2026-03-22T18:28:26","slug":"jbl-caixa-de-som-go-4-bluetooth-portatil-auracast-a-prova-dagua-e-poeira-preta","status":"publish","type":"product","link":"https:\/\/jetasolutions.com.br\/vitrine\/?product=jbl-caixa-de-som-go-4-bluetooth-portatil-auracast-a-prova-dagua-e-poeira-preta","title":{"rendered":"JBL, Caixa de Som, Go 4, Bluetooth, Port\u00e1til, Auracast, \u00c0 Prova D&#8217;\u00e1gua e Poeira &#8211; Preta"},"content":{"rendered":"<h6 id=\"title\" class=\"a-size-large a-spacing-none\"><span id=\"productTitle\" class=\"a-size-large product-title-word-break\">JBL, Caixa de Som, Go 4, Bluetooth, Port\u00e1til, Auracast, \u00c0 Prova D&#8217;\u00e1gua e Poeira &#8211; Preta<\/span><\/h6>\n","protected":false},"excerpt":{"rendered":"<p>JBL, Caixa de Som, Go 4, Bluetooth, Port\u00e1til, Auracast, \u00c0 Prova D&#8217;\u00e1gua e Poeira &#8211; Preta<\/p>\n","protected":false},"featured_media":511,"comment_status":"open","ping_status":"closed","template":"","meta":{"_monsterinsights_skip_tracking":false,"_monsterinsights_sitenote_active":false,"_monsterinsights_sitenote_note":"","_monsterinsights_sitenote_category":0,"_uf_show_specific_survey":0,"_uf_disable_surveys":false,"_joinchat":[]},"product_brand":[91],"product_cat":[126,28],"product_tag":[92,55,83,53,57],"class_list":{"0":"post-243","1":"product","2":"type-product","3":"status-publish","4":"has-post-thumbnail","6":"product_brand-jbl","7":"product_cat-achadinhos","8":"product_cat-sound-box","9":"product_tag-caixas-de-som","10":"product_tag-most-popular","11":"product_tag-som","12":"product_tag-top-rated","13":"product_tag-top-selling","15":"first","16":"instock","17":"shipping-taxable","18":"product-type-external"},"jetpack_sharing_enabled":true,"_links":{"self":[{"href":"https:\/\/jetasolutions.com.br\/vitrine\/index.php?rest_route=\/wp\/v2\/product\/243","targetHints":{"allow":["GET"]}}],"collection":[{"href":"https:\/\/jetasolutions.com.br\/vitrine\/index.php?rest_route=\/wp\/v2\/product"}],"about":[{"href":"https:\/\/jetasolutions.com.br\/vitrine\/index.php?rest_route=\/wp\/v2\/types\/product"}],"replies":[{"embeddable":true,"href":"https:\/\/jetasolutions.com.br\/vitrine\/index.php?rest_route=%2Fwp%2Fv2%2Fcomments&post=243"}],"wp:featuredmedia":[{"embeddable":true,"href":"https:\/\/jetasolutions.com.br\/vitrine\/index.php?rest_route=\/wp\/v2\/media\/511"}],"wp:attachment":[{"href":"https:\/\/jetasolutions.com.br\/vitrine\/index.php?rest_route=%2Fwp%2Fv2%2Fmedia&parent=243"}],"wp:term":[{"taxonomy":"product_brand","embeddable":true,"href":"https:\/\/jetasolutions.com.br\/vitrine\/index.php?rest_route=%2Fwp%2Fv2%2Fproduct_brand&post=243"},{"taxonomy":"product_cat","embeddable":true,"href":"https:\/\/jetasolutions.com.br\/vitrine\/index.php?rest_route=%2Fwp%2Fv2%2Fproduct_cat&post=243"},{"taxonomy":"product_tag","embeddable":true,"href":"https:\/\/jetasolutions.com.br\/vitrine\/index.php?rest_route=%2Fwp%2Fv2%2Fproduct_tag&post=243"}],"curies":[{"name":"wp","href":"https:\/\/api.w.org\/{rel}","templated":true}]}}