{"id":154,"date":"2026-03-17T20:57:12","date_gmt":"2026-03-17T23:57:12","guid":{"rendered":"https:\/\/loja.jetasolutions.com.br\/vitrine\/produto\/qubo-outdoor-security-camera\/"},"modified":"2026-03-29T07:21:25","modified_gmt":"2026-03-29T10:21:25","slug":"camera-de-seguranca-a-prova-de-agua-lente-dupla-app-yoosee-ip66-camera-ip-wifi-360","status":"publish","type":"product","link":"https:\/\/jetasolutions.com.br\/vitrine\/?product=camera-de-seguranca-a-prova-de-agua-lente-dupla-app-yoosee-ip66-camera-ip-wifi-360","title":{"rendered":"C\u00e2mera De Seguran\u00e7a a Prova de \u00e1gua Lente Dupla APP YOOSEE IP66 Camera IP WiFi 360"},"content":{"rendered":"<h6>C\u00e2mera De Seguran\u00e7a a Prova de \u00e1gua Lente Dupla APP YOOSEE IP66 Camera IP WiFi 360<\/h6>\n","protected":false},"excerpt":{"rendered":"<p>C\u00e2mera De Seguran\u00e7a a Prova de \u00e1gua Lente Dupla APP YOOSEE IP66 Camera IP WiFi 360<\/p>\n","protected":false},"featured_media":637,"comment_status":"open","ping_status":"closed","template":"","meta":{"_monsterinsights_skip_tracking":false,"_monsterinsights_sitenote_active":false,"_monsterinsights_sitenote_note":"","_monsterinsights_sitenote_category":0,"_uf_show_specific_survey":0,"_uf_disable_surveys":false,"_joinchat":[]},"product_brand":[],"product_cat":[31],"product_tag":[55,53,57],"class_list":{"0":"post-154","1":"product","2":"type-product","3":"status-publish","4":"has-post-thumbnail","6":"product_cat-cameras","7":"product_tag-most-popular","8":"product_tag-top-rated","9":"product_tag-top-selling","11":"first","12":"instock","13":"shipping-taxable","14":"product-type-external"},"jetpack_sharing_enabled":true,"_links":{"self":[{"href":"https:\/\/jetasolutions.com.br\/vitrine\/index.php?rest_route=\/wp\/v2\/product\/154","targetHints":{"allow":["GET"]}}],"collection":[{"href":"https:\/\/jetasolutions.com.br\/vitrine\/index.php?rest_route=\/wp\/v2\/product"}],"about":[{"href":"https:\/\/jetasolutions.com.br\/vitrine\/index.php?rest_route=\/wp\/v2\/types\/product"}],"replies":[{"embeddable":true,"href":"https:\/\/jetasolutions.com.br\/vitrine\/index.php?rest_route=%2Fwp%2Fv2%2Fcomments&post=154"}],"wp:featuredmedia":[{"embeddable":true,"href":"https:\/\/jetasolutions.com.br\/vitrine\/index.php?rest_route=\/wp\/v2\/media\/637"}],"wp:attachment":[{"href":"https:\/\/jetasolutions.com.br\/vitrine\/index.php?rest_route=%2Fwp%2Fv2%2Fmedia&parent=154"}],"wp:term":[{"taxonomy":"product_brand","embeddable":true,"href":"https:\/\/jetasolutions.com.br\/vitrine\/index.php?rest_route=%2Fwp%2Fv2%2Fproduct_brand&post=154"},{"taxonomy":"product_cat","embeddable":true,"href":"https:\/\/jetasolutions.com.br\/vitrine\/index.php?rest_route=%2Fwp%2Fv2%2Fproduct_cat&post=154"},{"taxonomy":"product_tag","embeddable":true,"href":"https:\/\/jetasolutions.com.br\/vitrine\/index.php?rest_route=%2Fwp%2Fv2%2Fproduct_tag&post=154"}],"curies":[{"name":"wp","href":"https:\/\/api.w.org\/{rel}","templated":true}]}}