{"id":1472,"date":"2026-03-26T18:19:12","date_gmt":"2026-03-26T21:19:12","guid":{"rendered":"https:\/\/jetasolutions.com.br\/vitrine\/?post_type=product&#038;p=1472"},"modified":"2026-03-26T18:19:12","modified_gmt":"2026-03-26T21:19:12","slug":"04-un-body-splash-130ml-bio-instinto-desodorante-corporal-colonia-perfume-fragrancia-irresistivel","status":"publish","type":"product","link":"https:\/\/jetasolutions.com.br\/vitrine\/?product=04-un-body-splash-130ml-bio-instinto-desodorante-corporal-colonia-perfume-fragrancia-irresistivel","title":{"rendered":"04 UN BODY SPLASH 130ML Bio Instinto Desodorante Corporal Col\u00f4nia Perfume Fragr\u00e2ncia Irresist\u00edvel"},"content":{"rendered":"<h6>04 UN BODY SPLASH 130ML Bio Instinto Desodorante Corporal Col\u00f4nia Perfume Fragr\u00e2ncia Irresist\u00edvel<\/h6>\n","protected":false},"excerpt":{"rendered":"<p>04 UN BODY SPLASH 130ML Bio Instinto Desodorante Corporal Col\u00f4nia Perfume Fragr\u00e2ncia Irresist\u00edvel<\/p>\n","protected":false},"featured_media":1473,"comment_status":"open","ping_status":"closed","template":"","meta":{"_monsterinsights_skip_tracking":false,"_monsterinsights_sitenote_active":false,"_monsterinsights_sitenote_note":"","_monsterinsights_sitenote_category":0,"_uf_show_specific_survey":0,"_uf_disable_surveys":false,"_joinchat":[]},"product_brand":[],"product_cat":[126,116],"product_tag":[47,53,57],"class_list":{"0":"post-1472","1":"product","2":"type-product","3":"status-publish","4":"has-post-thumbnail","6":"product_cat-achadinhos","7":"product_cat-beleza","8":"product_tag-new-arrival","9":"product_tag-top-rated","10":"product_tag-top-selling","12":"first","13":"instock","14":"shipping-taxable","15":"product-type-external"},"jetpack_sharing_enabled":true,"_links":{"self":[{"href":"https:\/\/jetasolutions.com.br\/vitrine\/index.php?rest_route=\/wp\/v2\/product\/1472","targetHints":{"allow":["GET"]}}],"collection":[{"href":"https:\/\/jetasolutions.com.br\/vitrine\/index.php?rest_route=\/wp\/v2\/product"}],"about":[{"href":"https:\/\/jetasolutions.com.br\/vitrine\/index.php?rest_route=\/wp\/v2\/types\/product"}],"replies":[{"embeddable":true,"href":"https:\/\/jetasolutions.com.br\/vitrine\/index.php?rest_route=%2Fwp%2Fv2%2Fcomments&post=1472"}],"wp:featuredmedia":[{"embeddable":true,"href":"https:\/\/jetasolutions.com.br\/vitrine\/index.php?rest_route=\/wp\/v2\/media\/1473"}],"wp:attachment":[{"href":"https:\/\/jetasolutions.com.br\/vitrine\/index.php?rest_route=%2Fwp%2Fv2%2Fmedia&parent=1472"}],"wp:term":[{"taxonomy":"product_brand","embeddable":true,"href":"https:\/\/jetasolutions.com.br\/vitrine\/index.php?rest_route=%2Fwp%2Fv2%2Fproduct_brand&post=1472"},{"taxonomy":"product_cat","embeddable":true,"href":"https:\/\/jetasolutions.com.br\/vitrine\/index.php?rest_route=%2Fwp%2Fv2%2Fproduct_cat&post=1472"},{"taxonomy":"product_tag","embeddable":true,"href":"https:\/\/jetasolutions.com.br\/vitrine\/index.php?rest_route=%2Fwp%2Fv2%2Fproduct_tag&post=1472"}],"curies":[{"name":"wp","href":"https:\/\/api.w.org\/{rel}","templated":true}]}}