{"id":1234,"date":"2026-03-25T15:13:37","date_gmt":"2026-03-25T18:13:37","guid":{"rendered":"https:\/\/jetasolutions.com.br\/vitrine\/?post_type=product&#038;p=1234"},"modified":"2026-03-25T15:13:38","modified_gmt":"2026-03-25T18:13:38","slug":"kit-com-15-potes-plasticos-hermeticos-para-cozinha","status":"publish","type":"product","link":"https:\/\/jetasolutions.com.br\/vitrine\/?product=kit-com-15-potes-plasticos-hermeticos-para-cozinha","title":{"rendered":"Kit com 15 potes pl\u00e1sticos herm\u00e9ticos para cozinha"},"content":{"rendered":"<h6>Kit com 15 potes pl\u00e1sticos herm\u00e9ticos para cozinha<\/h6>\n","protected":false},"excerpt":{"rendered":"<p>Kit com 15 potes pl\u00e1sticos herm\u00e9ticos para cozinha<\/p>\n","protected":false},"featured_media":1235,"comment_status":"open","ping_status":"closed","template":"","meta":{"_monsterinsights_skip_tracking":false,"_monsterinsights_sitenote_active":false,"_monsterinsights_sitenote_note":"","_monsterinsights_sitenote_category":0,"_uf_show_specific_survey":0,"_uf_disable_surveys":false,"_joinchat":[]},"product_brand":[],"product_cat":[126,124],"product_tag":[55,47,53],"class_list":{"0":"post-1234","1":"product","2":"type-product","3":"status-publish","4":"has-post-thumbnail","6":"product_cat-achadinhos","7":"product_cat-utilidade-domestica","8":"product_tag-most-popular","9":"product_tag-new-arrival","10":"product_tag-top-rated","12":"first","13":"instock","14":"shipping-taxable","15":"product-type-external"},"jetpack_sharing_enabled":true,"_links":{"self":[{"href":"https:\/\/jetasolutions.com.br\/vitrine\/index.php?rest_route=\/wp\/v2\/product\/1234","targetHints":{"allow":["GET"]}}],"collection":[{"href":"https:\/\/jetasolutions.com.br\/vitrine\/index.php?rest_route=\/wp\/v2\/product"}],"about":[{"href":"https:\/\/jetasolutions.com.br\/vitrine\/index.php?rest_route=\/wp\/v2\/types\/product"}],"replies":[{"embeddable":true,"href":"https:\/\/jetasolutions.com.br\/vitrine\/index.php?rest_route=%2Fwp%2Fv2%2Fcomments&post=1234"}],"wp:featuredmedia":[{"embeddable":true,"href":"https:\/\/jetasolutions.com.br\/vitrine\/index.php?rest_route=\/wp\/v2\/media\/1235"}],"wp:attachment":[{"href":"https:\/\/jetasolutions.com.br\/vitrine\/index.php?rest_route=%2Fwp%2Fv2%2Fmedia&parent=1234"}],"wp:term":[{"taxonomy":"product_brand","embeddable":true,"href":"https:\/\/jetasolutions.com.br\/vitrine\/index.php?rest_route=%2Fwp%2Fv2%2Fproduct_brand&post=1234"},{"taxonomy":"product_cat","embeddable":true,"href":"https:\/\/jetasolutions.com.br\/vitrine\/index.php?rest_route=%2Fwp%2Fv2%2Fproduct_cat&post=1234"},{"taxonomy":"product_tag","embeddable":true,"href":"https:\/\/jetasolutions.com.br\/vitrine\/index.php?rest_route=%2Fwp%2Fv2%2Fproduct_tag&post=1234"}],"curies":[{"name":"wp","href":"https:\/\/api.w.org\/{rel}","templated":true}]}}