{"id":1112,"date":"2026-03-25T11:08:27","date_gmt":"2026-03-25T14:08:27","guid":{"rendered":"https:\/\/jetasolutions.com.br\/vitrine\/?post_type=product&#038;p=1112"},"modified":"2026-03-25T11:08:27","modified_gmt":"2026-03-25T14:08:27","slug":"areia-biodegradavel-kadi-graos-finos-2kg","status":"publish","type":"product","link":"https:\/\/jetasolutions.com.br\/vitrine\/?product=areia-biodegradavel-kadi-graos-finos-2kg","title":{"rendered":"Areia Biodegrad\u00e1vel Kadi Gr\u00e3os Finos &#8211; 2Kg"},"content":{"rendered":"<h6>Areia Biodegrad\u00e1vel Kadi Gr\u00e3os Finos &#8211; 2Kg<\/h6>\n","protected":false},"excerpt":{"rendered":"<p>Areia Biodegrad\u00e1vel Kadi Gr\u00e3os Finos &#8211; 2Kg<\/p>\n","protected":false},"featured_media":1113,"comment_status":"open","ping_status":"closed","template":"","meta":{"_monsterinsights_skip_tracking":false,"_monsterinsights_sitenote_active":false,"_monsterinsights_sitenote_note":"","_monsterinsights_sitenote_category":0,"_uf_show_specific_survey":0,"_uf_disable_surveys":false,"_joinchat":[]},"product_brand":[],"product_cat":[132],"product_tag":[55,47,53],"class_list":{"0":"post-1112","1":"product","2":"type-product","3":"status-publish","4":"has-post-thumbnail","6":"product_cat-pets","7":"product_tag-most-popular","8":"product_tag-new-arrival","9":"product_tag-top-rated","11":"first","12":"instock","13":"shipping-taxable","14":"product-type-external"},"jetpack_sharing_enabled":true,"_links":{"self":[{"href":"https:\/\/jetasolutions.com.br\/vitrine\/index.php?rest_route=\/wp\/v2\/product\/1112","targetHints":{"allow":["GET"]}}],"collection":[{"href":"https:\/\/jetasolutions.com.br\/vitrine\/index.php?rest_route=\/wp\/v2\/product"}],"about":[{"href":"https:\/\/jetasolutions.com.br\/vitrine\/index.php?rest_route=\/wp\/v2\/types\/product"}],"replies":[{"embeddable":true,"href":"https:\/\/jetasolutions.com.br\/vitrine\/index.php?rest_route=%2Fwp%2Fv2%2Fcomments&post=1112"}],"wp:featuredmedia":[{"embeddable":true,"href":"https:\/\/jetasolutions.com.br\/vitrine\/index.php?rest_route=\/wp\/v2\/media\/1113"}],"wp:attachment":[{"href":"https:\/\/jetasolutions.com.br\/vitrine\/index.php?rest_route=%2Fwp%2Fv2%2Fmedia&parent=1112"}],"wp:term":[{"taxonomy":"product_brand","embeddable":true,"href":"https:\/\/jetasolutions.com.br\/vitrine\/index.php?rest_route=%2Fwp%2Fv2%2Fproduct_brand&post=1112"},{"taxonomy":"product_cat","embeddable":true,"href":"https:\/\/jetasolutions.com.br\/vitrine\/index.php?rest_route=%2Fwp%2Fv2%2Fproduct_cat&post=1112"},{"taxonomy":"product_tag","embeddable":true,"href":"https:\/\/jetasolutions.com.br\/vitrine\/index.php?rest_route=%2Fwp%2Fv2%2Fproduct_tag&post=1112"}],"curies":[{"name":"wp","href":"https:\/\/api.w.org\/{rel}","templated":true}]}}