{"id":1095,"date":"2026-03-25T10:40:46","date_gmt":"2026-03-25T13:40:46","guid":{"rendered":"https:\/\/jetasolutions.com.br\/vitrine\/?post_type=product&#038;p=1095"},"modified":"2026-03-25T10:40:46","modified_gmt":"2026-03-25T13:40:46","slug":"cama-colchonete-almofada-para-cachorro-ou-gato-pet-pequeno-medio-e-grande-lavavel-com-ziper","status":"publish","type":"product","link":"https:\/\/jetasolutions.com.br\/vitrine\/?product=cama-colchonete-almofada-para-cachorro-ou-gato-pet-pequeno-medio-e-grande-lavavel-com-ziper","title":{"rendered":"Cama Colchonete Almofada para Cachorro ou Gato Pet Pequeno M\u00e9dio e Grande Lav\u00e1vel com Z\u00edper"},"content":{"rendered":"<h6>Cama Colchonete Almofada para Cachorro ou Gato Pet Pequeno M\u00e9dio e Grande Lav\u00e1vel com Z\u00edper<\/h6>\n","protected":false},"excerpt":{"rendered":"<p>Cama Colchonete Almofada para Cachorro ou Gato Pet Pequeno M\u00e9dio e Grande Lav\u00e1vel com Z\u00edper<\/p>\n","protected":false},"featured_media":1096,"comment_status":"open","ping_status":"closed","template":"","meta":{"_monsterinsights_skip_tracking":false,"_monsterinsights_sitenote_active":false,"_monsterinsights_sitenote_note":"","_monsterinsights_sitenote_category":0,"_uf_show_specific_survey":0,"_uf_disable_surveys":false,"_joinchat":[]},"product_brand":[],"product_cat":[126,132],"product_tag":[55,47],"class_list":{"0":"post-1095","1":"product","2":"type-product","3":"status-publish","4":"has-post-thumbnail","6":"product_cat-achadinhos","7":"product_cat-pets","8":"product_tag-most-popular","9":"product_tag-new-arrival","11":"first","12":"instock","13":"shipping-taxable","14":"product-type-external"},"jetpack_sharing_enabled":true,"_links":{"self":[{"href":"https:\/\/jetasolutions.com.br\/vitrine\/index.php?rest_route=\/wp\/v2\/product\/1095","targetHints":{"allow":["GET"]}}],"collection":[{"href":"https:\/\/jetasolutions.com.br\/vitrine\/index.php?rest_route=\/wp\/v2\/product"}],"about":[{"href":"https:\/\/jetasolutions.com.br\/vitrine\/index.php?rest_route=\/wp\/v2\/types\/product"}],"replies":[{"embeddable":true,"href":"https:\/\/jetasolutions.com.br\/vitrine\/index.php?rest_route=%2Fwp%2Fv2%2Fcomments&post=1095"}],"wp:featuredmedia":[{"embeddable":true,"href":"https:\/\/jetasolutions.com.br\/vitrine\/index.php?rest_route=\/wp\/v2\/media\/1096"}],"wp:attachment":[{"href":"https:\/\/jetasolutions.com.br\/vitrine\/index.php?rest_route=%2Fwp%2Fv2%2Fmedia&parent=1095"}],"wp:term":[{"taxonomy":"product_brand","embeddable":true,"href":"https:\/\/jetasolutions.com.br\/vitrine\/index.php?rest_route=%2Fwp%2Fv2%2Fproduct_brand&post=1095"},{"taxonomy":"product_cat","embeddable":true,"href":"https:\/\/jetasolutions.com.br\/vitrine\/index.php?rest_route=%2Fwp%2Fv2%2Fproduct_cat&post=1095"},{"taxonomy":"product_tag","embeddable":true,"href":"https:\/\/jetasolutions.com.br\/vitrine\/index.php?rest_route=%2Fwp%2Fv2%2Fproduct_tag&post=1095"}],"curies":[{"name":"wp","href":"https:\/\/api.w.org\/{rel}","templated":true}]}}