{"id":1085,"date":"2026-03-25T10:32:12","date_gmt":"2026-03-25T13:32:12","guid":{"rendered":"https:\/\/jetasolutions.com.br\/vitrine\/?post_type=product&#038;p=1085"},"modified":"2026-03-25T10:32:12","modified_gmt":"2026-03-25T13:32:12","slug":"kit-5-areias-sanitarias-pop-star-20kg-premium-alta-absorcao-e-controle-de-odores","status":"publish","type":"product","link":"https:\/\/jetasolutions.com.br\/vitrine\/?product=kit-5-areias-sanitarias-pop-star-20kg-premium-alta-absorcao-e-controle-de-odores","title":{"rendered":"Kit 5 Areias Sanit\u00e1rias POP STAR 20kg \u2013 Premium, Alta Absor\u00e7\u00e3o e Controle de Odores"},"content":{"rendered":"<h6>Kit 5 Areias Sanit\u00e1rias POP STAR 20kg \u2013 Premium, Alta Absor\u00e7\u00e3o e Controle de Odores<\/h6>\n","protected":false},"excerpt":{"rendered":"<p>Kit 5 Areias Sanit\u00e1rias POP STAR 20kg \u2013 Premium, Alta Absor\u00e7\u00e3o e Controle de Odores<\/p>\n","protected":false},"featured_media":1086,"comment_status":"open","ping_status":"closed","template":"","meta":{"_monsterinsights_skip_tracking":false,"_monsterinsights_sitenote_active":false,"_monsterinsights_sitenote_note":"","_monsterinsights_sitenote_category":0,"_uf_show_specific_survey":0,"_uf_disable_surveys":false,"_joinchat":[]},"product_brand":[],"product_cat":[126,132],"product_tag":[55,53],"class_list":{"0":"post-1085","1":"product","2":"type-product","3":"status-publish","4":"has-post-thumbnail","6":"product_cat-achadinhos","7":"product_cat-pets","8":"product_tag-most-popular","9":"product_tag-top-rated","11":"first","12":"instock","13":"shipping-taxable","14":"product-type-external"},"jetpack_sharing_enabled":true,"_links":{"self":[{"href":"https:\/\/jetasolutions.com.br\/vitrine\/index.php?rest_route=\/wp\/v2\/product\/1085","targetHints":{"allow":["GET"]}}],"collection":[{"href":"https:\/\/jetasolutions.com.br\/vitrine\/index.php?rest_route=\/wp\/v2\/product"}],"about":[{"href":"https:\/\/jetasolutions.com.br\/vitrine\/index.php?rest_route=\/wp\/v2\/types\/product"}],"replies":[{"embeddable":true,"href":"https:\/\/jetasolutions.com.br\/vitrine\/index.php?rest_route=%2Fwp%2Fv2%2Fcomments&post=1085"}],"wp:featuredmedia":[{"embeddable":true,"href":"https:\/\/jetasolutions.com.br\/vitrine\/index.php?rest_route=\/wp\/v2\/media\/1086"}],"wp:attachment":[{"href":"https:\/\/jetasolutions.com.br\/vitrine\/index.php?rest_route=%2Fwp%2Fv2%2Fmedia&parent=1085"}],"wp:term":[{"taxonomy":"product_brand","embeddable":true,"href":"https:\/\/jetasolutions.com.br\/vitrine\/index.php?rest_route=%2Fwp%2Fv2%2Fproduct_brand&post=1085"},{"taxonomy":"product_cat","embeddable":true,"href":"https:\/\/jetasolutions.com.br\/vitrine\/index.php?rest_route=%2Fwp%2Fv2%2Fproduct_cat&post=1085"},{"taxonomy":"product_tag","embeddable":true,"href":"https:\/\/jetasolutions.com.br\/vitrine\/index.php?rest_route=%2Fwp%2Fv2%2Fproduct_tag&post=1085"}],"curies":[{"name":"wp","href":"https:\/\/api.w.org\/{rel}","templated":true}]}}