{"id":1069,"date":"2026-03-25T10:20:15","date_gmt":"2026-03-25T13:20:15","guid":{"rendered":"https:\/\/jetasolutions.com.br\/vitrine\/?post_type=product&#038;p=1069"},"modified":"2026-03-25T10:20:15","modified_gmt":"2026-03-25T13:20:15","slug":"kit-maquina-para-tosar-pet-tesoura-pente-lixa-maquina-profissional-para-cachorro-gato","status":"publish","type":"product","link":"https:\/\/jetasolutions.com.br\/vitrine\/?product=kit-maquina-para-tosar-pet-tesoura-pente-lixa-maquina-profissional-para-cachorro-gato","title":{"rendered":"Kit M\u00e1quina Para Tosar Pet + Tesoura + Pente + Lixa M\u00e1quina Profissional Para Cachorro &#038; Gato"},"content":{"rendered":"<p>Kit M\u00e1quina Para Tosar Pet + Tesoura + Pente + Lixa M\u00e1quina Profissional Para Cachorro &amp; Gato<\/p>\n","protected":false},"excerpt":{"rendered":"<p>Kit M\u00e1quina Para Tosar Pet + Tesoura + Pente + Lixa M\u00e1quina Profissional Para Cachorro &amp; Gato<\/p>\n","protected":false},"featured_media":1070,"comment_status":"open","ping_status":"closed","template":"","meta":{"_monsterinsights_skip_tracking":false,"_monsterinsights_sitenote_active":false,"_monsterinsights_sitenote_note":"","_monsterinsights_sitenote_category":0,"_uf_show_specific_survey":0,"_uf_disable_surveys":false,"_joinchat":[]},"product_brand":[],"product_cat":[126,132],"product_tag":[55,53,57],"class_list":{"0":"post-1069","1":"product","2":"type-product","3":"status-publish","4":"has-post-thumbnail","6":"product_cat-achadinhos","7":"product_cat-pets","8":"product_tag-most-popular","9":"product_tag-top-rated","10":"product_tag-top-selling","12":"first","13":"instock","14":"shipping-taxable","15":"product-type-external"},"jetpack_sharing_enabled":true,"_links":{"self":[{"href":"https:\/\/jetasolutions.com.br\/vitrine\/index.php?rest_route=\/wp\/v2\/product\/1069","targetHints":{"allow":["GET"]}}],"collection":[{"href":"https:\/\/jetasolutions.com.br\/vitrine\/index.php?rest_route=\/wp\/v2\/product"}],"about":[{"href":"https:\/\/jetasolutions.com.br\/vitrine\/index.php?rest_route=\/wp\/v2\/types\/product"}],"replies":[{"embeddable":true,"href":"https:\/\/jetasolutions.com.br\/vitrine\/index.php?rest_route=%2Fwp%2Fv2%2Fcomments&post=1069"}],"wp:featuredmedia":[{"embeddable":true,"href":"https:\/\/jetasolutions.com.br\/vitrine\/index.php?rest_route=\/wp\/v2\/media\/1070"}],"wp:attachment":[{"href":"https:\/\/jetasolutions.com.br\/vitrine\/index.php?rest_route=%2Fwp%2Fv2%2Fmedia&parent=1069"}],"wp:term":[{"taxonomy":"product_brand","embeddable":true,"href":"https:\/\/jetasolutions.com.br\/vitrine\/index.php?rest_route=%2Fwp%2Fv2%2Fproduct_brand&post=1069"},{"taxonomy":"product_cat","embeddable":true,"href":"https:\/\/jetasolutions.com.br\/vitrine\/index.php?rest_route=%2Fwp%2Fv2%2Fproduct_cat&post=1069"},{"taxonomy":"product_tag","embeddable":true,"href":"https:\/\/jetasolutions.com.br\/vitrine\/index.php?rest_route=%2Fwp%2Fv2%2Fproduct_tag&post=1069"}],"curies":[{"name":"wp","href":"https:\/\/api.w.org\/{rel}","templated":true}]}}