{"id":65,"date":"2026-03-17T17:30:14","date_gmt":"2026-03-17T20:30:14","guid":{"rendered":"https:\/\/loja.jetasolutions.com.br\/vitrine\/about-us\/"},"modified":"2026-03-22T09:44:48","modified_gmt":"2026-03-22T12:44:48","slug":"about-us","status":"publish","type":"page","link":"https:\/\/jetasolutions.com.br\/vitrine\/?page_id=65","title":{"rendered":"About Us"},"content":{"rendered":"<h4 data-start=\"72\" data-end=\"104\"><strong data-start=\"72\" data-end=\"104\">JetaSolutions Comercial Ltda<\/strong><\/h4>\n<p data-start=\"106\" data-end=\"262\">A JetaSolutions Comercial Ltda \u00e9 uma empresa especializada em reunir, em um \u00fanico ambiente, os melhores produtos com os pre\u00e7os mais competitivos do mercado.<\/p>\n<p data-start=\"264\" data-end=\"569\">Utilizamos tecnologia avan\u00e7ada e sistemas de intelig\u00eancia artificial para identificar, analisar e selecionar as melhores ofertas dispon\u00edveis nas principais plataformas de e-commerce, garantindo que nossos clientes tenham acesso a oportunidades reais de economia antes mesmo de serem amplamente divulgadas.<\/p>\n<h6 data-start=\"571\" data-end=\"883\">Nosso compromisso \u00e9 proporcionar uma experi\u00eancia pr\u00e1tica, segura e confi\u00e1vel. Todas as compras realizadas por meio do nosso site s\u00e3o redirecionadas diretamente para plataformas reconhecidas e consolidadas, como Shopee, Mercado Livre, AliExpress e Amazon, assegurando total transpar\u00eancia e prote\u00e7\u00e3o ao consumidor.<\/h6>\n\n\n<p><\/p>\n","protected":false},"excerpt":{"rendered":"<p>JetaSolutions Comercial Ltda A JetaSolutions Comercial Ltda \u00e9 uma empresa especializada em reunir, em um \u00fanico ambiente, os melhores produtos com os pre\u00e7os mais competitivos do mercado. Utilizamos tecnologia avan\u00e7ada e sistemas de intelig\u00eancia artificial para identificar, analisar e selecionar as melhores ofertas dispon\u00edveis nas principais plataformas de e-commerce, garantindo que nossos clientes tenham acesso &hellip; <\/p>\n<p class=\"link-more\"><a href=\"https:\/\/jetasolutions.com.br\/vitrine\/?page_id=65\" class=\"more-link\">Continue reading<span class=\"screen-reader-text\"> &#8220;About Us&#8221;<\/span><\/a><\/p>\n","protected":false},"author":1,"featured_media":0,"parent":0,"menu_order":0,"comment_status":"closed","ping_status":"closed","template":"","meta":{"_monsterinsights_skip_tracking":false,"_monsterinsights_sitenote_active":false,"_monsterinsights_sitenote_note":"","_monsterinsights_sitenote_category":0,"_uf_show_specific_survey":0,"_uf_disable_surveys":false,"_joinchat":[],"footnotes":""},"class_list":["post-65","page","type-page","status-publish","hentry"],"jetpack_sharing_enabled":true,"_links":{"self":[{"href":"https:\/\/jetasolutions.com.br\/vitrine\/index.php?rest_route=\/wp\/v2\/pages\/65","targetHints":{"allow":["GET"]}}],"collection":[{"href":"https:\/\/jetasolutions.com.br\/vitrine\/index.php?rest_route=\/wp\/v2\/pages"}],"about":[{"href":"https:\/\/jetasolutions.com.br\/vitrine\/index.php?rest_route=\/wp\/v2\/types\/page"}],"author":[{"embeddable":true,"href":"https:\/\/jetasolutions.com.br\/vitrine\/index.php?rest_route=\/wp\/v2\/users\/1"}],"replies":[{"embeddable":true,"href":"https:\/\/jetasolutions.com.br\/vitrine\/index.php?rest_route=%2Fwp%2Fv2%2Fcomments&post=65"}],"version-history":[{"count":13,"href":"https:\/\/jetasolutions.com.br\/vitrine\/index.php?rest_route=\/wp\/v2\/pages\/65\/revisions"}],"predecessor-version":[{"id":703,"href":"https:\/\/jetasolutions.com.br\/vitrine\/index.php?rest_route=\/wp\/v2\/pages\/65\/revisions\/703"}],"wp:attachment":[{"href":"https:\/\/jetasolutions.com.br\/vitrine\/index.php?rest_route=%2Fwp%2Fv2%2Fmedia&parent=65"}],"curies":[{"name":"wp","href":"https:\/\/api.w.org\/{rel}","templated":true}]}}