{"id":59,"date":"2026-03-17T17:29:54","date_gmt":"2026-03-17T20:29:54","guid":{"rendered":"https:\/\/loja.jetasolutions.com.br\/vitrine\/carrinho\/"},"modified":"2026-03-21T11:32:15","modified_gmt":"2026-03-21T14:32:15","slug":"carrinho","status":"publish","type":"page","link":"https:\/\/jetasolutions.com.br\/vitrine\/?page_id=59","title":{"rendered":"Carrinho"},"content":{"rendered":"\n<div data-block-name=\"woocommerce\/cart\" class=\"wp-block-woocommerce-cart alignwide is-loading\">\n<div data-block-name=\"woocommerce\/filled-cart-block\" class=\"wp-block-woocommerce-filled-cart-block\">\n<div data-block-name=\"woocommerce\/cart-items-block\" class=\"wp-block-woocommerce-cart-items-block\">\n<div data-block-name=\"woocommerce\/cart-line-items-block\" class=\"wp-block-woocommerce-cart-line-items-block\"><\/div>\n\n\n<\/div>\n\n\n\n\n<div data-block-name=\"woocommerce\/cart-totals-block\" class=\"wp-block-woocommerce-cart-totals-block\">\n<div data-block-name=\"woocommerce\/cart-order-summary-block\" class=\"wp-block-woocommerce-cart-order-summary-block\">\n<div data-block-name=\"woocommerce\/cart-order-summary-heading-block\" class=\"wp-block-woocommerce-cart-order-summary-heading-block\"><\/div><div data-block-name=\"woocommerce\/cart-order-summary-coupon-form-block\" class=\"wp-block-woocommerce-cart-order-summary-coupon-form-block\"><\/div><div data-block-name=\"woocommerce\/cart-order-summary-totals-block\" class=\"wp-block-woocommerce-cart-order-summary-totals-block\">\n<div data-block-name=\"woocommerce\/cart-order-summary-subtotal-block\" class=\"wp-block-woocommerce-cart-order-summary-subtotal-block\"><\/div>\n<div data-block-name=\"woocommerce\/cart-order-summary-discount-block\" class=\"wp-block-woocommerce-cart-order-summary-discount-block\"><\/div>\n<div data-block-name=\"woocommerce\/cart-order-summary-fee-block\" class=\"wp-block-woocommerce-cart-order-summary-fee-block\"><\/div>\n<div data-block-name=\"woocommerce\/cart-order-summary-shipping-block\" class=\"wp-block-woocommerce-cart-order-summary-shipping-block\"><\/div>\n<div data-block-name=\"woocommerce\/cart-order-summary-taxes-block\" class=\"wp-block-woocommerce-cart-order-summary-taxes-block\"><\/div><\/div>\n<\/div>\n\n\n\n<div data-block-name=\"woocommerce\/cart-express-payment-block\" class=\"wp-block-woocommerce-cart-express-payment-block\"><\/div>\n\n\n\n<div data-block-name=\"woocommerce\/proceed-to-checkout-block\" class=\"wp-block-woocommerce-proceed-to-checkout-block\"><\/div>\n\n\n\n<div data-block-name=\"woocommerce\/cart-accepted-payment-methods-block\" class=\"wp-block-woocommerce-cart-accepted-payment-methods-block\"><\/div>\n<\/div>\n<\/div>\n\n\n\n<div data-block-name=\"woocommerce\/empty-cart-block\" class=\"wp-block-woocommerce-empty-cart-block\">\n<h2 class=\"wp-block-heading has-text-align-center with-empty-cart-icon wc-block-cart__empty-cart__title\">Seu carrinho est\u00e1 vazio no momento!<\/h2>\n\n\n\n<hr class=\"wp-block-separator has-alpha-channel-opacity is-style-dots\"\/>\n\n\n\n<h2 class=\"wp-block-heading has-text-align-center\">Novo na loja<\/h2>\n\n\n<div data-block-name=\"woocommerce\/product-new\" data-columns=\"4\" data-rows=\"1\" class=\"wc-block-grid wp-block-product-new wp-block-woocommerce-product-new wc-block-product-new has-4-columns\"><ul class=\"wc-block-grid__products\"><li class=\"wc-block-grid__product\">\n\t\t\t\t<a href=\"https:\/\/jetasolutions.com.br\/vitrine\/?product=rodo-limpador-de-silicone-magico-multi-funcional-varredor-de-vidros-molhado-e-seco-de-uso-duplo-vassoura-2\" class=\"wc-block-grid__product-link\">\n\t\t\t\t\t<div class=\"wc-block-grid__product-onsale\">\n\t\t\t<span aria-hidden=\"true\">Oferta<\/span>\n\t\t\t<span class=\"screen-reader-text\">Produto em promo\u00e7\u00e3o<\/span>\n\t\t<\/div>\n\t\t\t\t\t<div class=\"wc-block-grid__product-image\"><img fetchpriority=\"high\" decoding=\"async\" width=\"300\" height=\"300\" src=\"https:\/\/jetasolutions.com.br\/vitrine\/wp-content\/uploads\/2026\/04\/br-11134207-7r98o-m0oirhyiz9zx29-300x300.webp\" class=\"attachment-woocommerce_thumbnail size-woocommerce_thumbnail\" alt=\"Rodo Limpador De Silicone M\u00e1gico multi-Funcional Varredor De Vidros Molhado E Seco De Uso Duplo\/Vassoura\" srcset=\"https:\/\/jetasolutions.com.br\/vitrine\/wp-content\/uploads\/2026\/04\/br-11134207-7r98o-m0oirhyiz9zx29-300x300.webp 300w, https:\/\/jetasolutions.com.br\/vitrine\/wp-content\/uploads\/2026\/04\/br-11134207-7r98o-m0oirhyiz9zx29-150x150.webp 150w, https:\/\/jetasolutions.com.br\/vitrine\/wp-content\/uploads\/2026\/04\/br-11134207-7r98o-m0oirhyiz9zx29-768x768.webp 768w, https:\/\/jetasolutions.com.br\/vitrine\/wp-content\/uploads\/2026\/04\/br-11134207-7r98o-m0oirhyiz9zx29-600x600.webp 600w, https:\/\/jetasolutions.com.br\/vitrine\/wp-content\/uploads\/2026\/04\/br-11134207-7r98o-m0oirhyiz9zx29-100x100.webp 100w, https:\/\/jetasolutions.com.br\/vitrine\/wp-content\/uploads\/2026\/04\/br-11134207-7r98o-m0oirhyiz9zx29-460x460.webp 460w, https:\/\/jetasolutions.com.br\/vitrine\/wp-content\/uploads\/2026\/04\/br-11134207-7r98o-m0oirhyiz9zx29.webp 1000w\" sizes=\"(max-width: 300px) 100vw, 300px\" \/><\/div>\n\t\t\t\t\t<div class=\"wc-block-grid__product-title\">Rodo Limpador De Silicone M\u00e1gico multi-Funcional Varredor De Vidros Molhado E Seco De Uso Duplo\/Vassoura<\/div>\n\t\t\t\t<\/a>\n\t\t\t\t<div class=\"wc-block-grid__product-price price\"><del aria-hidden=\"true\"><span class=\"woocommerce-Price-amount amount\"><span class=\"woocommerce-Price-currencySymbol\">&#082;&#036;<\/span>&nbsp;25,00<\/span><\/del> <span class=\"screen-reader-text\">O pre\u00e7o original era: &#082;&#036;&nbsp;25,00.<\/span><ins aria-hidden=\"true\"><span class=\"woocommerce-Price-amount amount\"><span class=\"woocommerce-Price-currencySymbol\">&#082;&#036;<\/span>&nbsp;21,99<\/span><\/ins><span class=\"screen-reader-text\">O pre\u00e7o atual \u00e9: &#082;&#036;&nbsp;21,99.<\/span><\/div>\n\t\t\t\t<div class=\"wc-block-grid__product-rating\"><div class=\"star-rating\" role=\"img\" aria-label=\"Avalia\u00e7\u00e3o 5.00 de 5\"><span style=\"width:100%\">Avaliado como <strong class=\"rating\">5.00<\/strong> de 5, com baseado em <span class=\"rating\">1<\/span> avalia\u00e7\u00e3o de cliente<\/span><\/div><\/div>\n\t\t\t\t<div class=\"wp-block-button wc-block-grid__product-add-to-cart\"><a href=\"https:\/\/s.shopee.com.br\/7ppR0sdQ4H\" aria-label=\"Compre na Shopee\" data-quantity=\"1\" data-product_id=\"2591\" data-product_sku=\"\" data-price=\"21.99\" rel=\"nofollow\" class=\"wp-block-button__link  add_to_cart_button\">Compre na Shopee<\/a><\/div>\n\t\t\t<\/li><li class=\"wc-block-grid__product\">\n\t\t\t\t<a href=\"https:\/\/jetasolutions.com.br\/vitrine\/?product=batedor-misturador-mixer-eletrico-para-bebidas-leite-cafe-clara-de-ovo-2-em-1-2\" class=\"wc-block-grid__product-link\">\n\t\t\t\t\t<div class=\"wc-block-grid__product-onsale\">\n\t\t\t<span aria-hidden=\"true\">Oferta<\/span>\n\t\t\t<span class=\"screen-reader-text\">Produto em promo\u00e7\u00e3o<\/span>\n\t\t<\/div>\n\t\t\t\t\t<div class=\"wc-block-grid__product-image\"><img decoding=\"async\" width=\"300\" height=\"300\" src=\"https:\/\/jetasolutions.com.br\/vitrine\/wp-content\/uploads\/2026\/04\/sg-11134201-7rd48-lupf3z3a40mxf1-300x300.webp\" class=\"attachment-woocommerce_thumbnail size-woocommerce_thumbnail\" alt=\"Batedor Misturador Mixer El\u00e9trico para Bebidas Leite Caf\u00e9 Clara de Ovo 2 em 1\" srcset=\"https:\/\/jetasolutions.com.br\/vitrine\/wp-content\/uploads\/2026\/04\/sg-11134201-7rd48-lupf3z3a40mxf1-300x300.webp 300w, https:\/\/jetasolutions.com.br\/vitrine\/wp-content\/uploads\/2026\/04\/sg-11134201-7rd48-lupf3z3a40mxf1-150x150.webp 150w, https:\/\/jetasolutions.com.br\/vitrine\/wp-content\/uploads\/2026\/04\/sg-11134201-7rd48-lupf3z3a40mxf1-768x768.webp 768w, https:\/\/jetasolutions.com.br\/vitrine\/wp-content\/uploads\/2026\/04\/sg-11134201-7rd48-lupf3z3a40mxf1-600x600.webp 600w, https:\/\/jetasolutions.com.br\/vitrine\/wp-content\/uploads\/2026\/04\/sg-11134201-7rd48-lupf3z3a40mxf1-100x100.webp 100w, https:\/\/jetasolutions.com.br\/vitrine\/wp-content\/uploads\/2026\/04\/sg-11134201-7rd48-lupf3z3a40mxf1-460x460.webp 460w, https:\/\/jetasolutions.com.br\/vitrine\/wp-content\/uploads\/2026\/04\/sg-11134201-7rd48-lupf3z3a40mxf1.webp 904w\" sizes=\"(max-width: 300px) 100vw, 300px\" \/><\/div>\n\t\t\t\t\t<div class=\"wc-block-grid__product-title\">Batedor Misturador Mixer El\u00e9trico para Bebidas Leite Caf\u00e9 Clara de Ovo 2 em 1<\/div>\n\t\t\t\t<\/a>\n\t\t\t\t<div class=\"wc-block-grid__product-price price\"><del aria-hidden=\"true\"><span class=\"woocommerce-Price-amount amount\"><span class=\"woocommerce-Price-currencySymbol\">&#082;&#036;<\/span>&nbsp;20,00<\/span><\/del> <span class=\"screen-reader-text\">O pre\u00e7o original era: &#082;&#036;&nbsp;20,00.<\/span><ins aria-hidden=\"true\"><span class=\"woocommerce-Price-amount amount\"><span class=\"woocommerce-Price-currencySymbol\">&#082;&#036;<\/span>&nbsp;19,00<\/span><\/ins><span class=\"screen-reader-text\">O pre\u00e7o atual \u00e9: &#082;&#036;&nbsp;19,00.<\/span><\/div>\n\t\t\t\t\n\t\t\t\t<div class=\"wp-block-button wc-block-grid__product-add-to-cart\"><a href=\"https:\/\/s.shopee.com.br\/2qQehAUufm\" aria-label=\"Compre na Shopee\" data-quantity=\"1\" data-product_id=\"2581\" data-product_sku=\"\" data-price=\"19\" rel=\"nofollow\" class=\"wp-block-button__link  add_to_cart_button\">Compre na Shopee<\/a><\/div>\n\t\t\t<\/li><li class=\"wc-block-grid__product\">\n\t\t\t\t<a href=\"https:\/\/jetasolutions.com.br\/vitrine\/?product=balanca-inteligente-com-bioimpedancia-app-integrado-e-capacidade-de-ate-180kg\" class=\"wc-block-grid__product-link\">\n\t\t\t\t\t<div class=\"wc-block-grid__product-onsale\">\n\t\t\t<span aria-hidden=\"true\">Oferta<\/span>\n\t\t\t<span class=\"screen-reader-text\">Produto em promo\u00e7\u00e3o<\/span>\n\t\t<\/div>\n\t\t\t\t\t<div class=\"wc-block-grid__product-image\"><img decoding=\"async\" width=\"300\" height=\"300\" src=\"https:\/\/jetasolutions.com.br\/vitrine\/wp-content\/uploads\/2026\/04\/sg-11134201-7ra3v-mbg5xql5j04le8-300x300.webp\" class=\"attachment-woocommerce_thumbnail size-woocommerce_thumbnail\" alt=\"Balan\u00e7a Inteligente com Bioimped\u00e2ncia, App Integrado e Capacidade de at\u00e9 180kg\" srcset=\"https:\/\/jetasolutions.com.br\/vitrine\/wp-content\/uploads\/2026\/04\/sg-11134201-7ra3v-mbg5xql5j04le8-300x300.webp 300w, https:\/\/jetasolutions.com.br\/vitrine\/wp-content\/uploads\/2026\/04\/sg-11134201-7ra3v-mbg5xql5j04le8-150x150.webp 150w, https:\/\/jetasolutions.com.br\/vitrine\/wp-content\/uploads\/2026\/04\/sg-11134201-7ra3v-mbg5xql5j04le8-768x768.webp 768w, https:\/\/jetasolutions.com.br\/vitrine\/wp-content\/uploads\/2026\/04\/sg-11134201-7ra3v-mbg5xql5j04le8-600x600.webp 600w, https:\/\/jetasolutions.com.br\/vitrine\/wp-content\/uploads\/2026\/04\/sg-11134201-7ra3v-mbg5xql5j04le8-100x100.webp 100w, https:\/\/jetasolutions.com.br\/vitrine\/wp-content\/uploads\/2026\/04\/sg-11134201-7ra3v-mbg5xql5j04le8-460x460.webp 460w, https:\/\/jetasolutions.com.br\/vitrine\/wp-content\/uploads\/2026\/04\/sg-11134201-7ra3v-mbg5xql5j04le8.webp 1024w\" sizes=\"(max-width: 300px) 100vw, 300px\" \/><\/div>\n\t\t\t\t\t<div class=\"wc-block-grid__product-title\">Balan\u00e7a Inteligente com Bioimped\u00e2ncia, App Integrado e Capacidade de at\u00e9 180kg<\/div>\n\t\t\t\t<\/a>\n\t\t\t\t<div class=\"wc-block-grid__product-price price\"><del aria-hidden=\"true\"><span class=\"woocommerce-Price-amount amount\"><span class=\"woocommerce-Price-currencySymbol\">&#082;&#036;<\/span>&nbsp;40,99<\/span><\/del> <span class=\"screen-reader-text\">O pre\u00e7o original era: &#082;&#036;&nbsp;40,99.<\/span><ins aria-hidden=\"true\"><span class=\"woocommerce-Price-amount amount\"><span class=\"woocommerce-Price-currencySymbol\">&#082;&#036;<\/span>&nbsp;37,54<\/span><\/ins><span class=\"screen-reader-text\">O pre\u00e7o atual \u00e9: &#082;&#036;&nbsp;37,54.<\/span><\/div>\n\t\t\t\t\n\t\t\t\t<div class=\"wp-block-button wc-block-grid__product-add-to-cart\"><a href=\"https:\/\/s.shopee.com.br\/8AS9v60YPH\" aria-label=\"Compre na Shopee\" data-quantity=\"1\" data-product_id=\"2570\" data-product_sku=\"\" data-price=\"37.54\" rel=\"nofollow\" class=\"wp-block-button__link  add_to_cart_button\">Compre na Shopee<\/a><\/div>\n\t\t\t<\/li><li class=\"wc-block-grid__product\">\n\t\t\t\t<a href=\"https:\/\/jetasolutions.com.br\/vitrine\/?product=62-6-in-1-electric-screwdriver-set-precision-handle-portable-power-tool-kits-wireless-cordless-small-bits-for-phone-watch-repair\" class=\"wc-block-grid__product-link\">\n\t\t\t\t\t<div class=\"wc-block-grid__product-onsale\">\n\t\t\t<span aria-hidden=\"true\">Oferta<\/span>\n\t\t\t<span class=\"screen-reader-text\">Produto em promo\u00e7\u00e3o<\/span>\n\t\t<\/div>\n\t\t\t\t\t<div class=\"wc-block-grid__product-image\"><img loading=\"lazy\" decoding=\"async\" width=\"300\" height=\"300\" src=\"https:\/\/jetasolutions.com.br\/vitrine\/wp-content\/uploads\/2026\/04\/S56e78ef6c6f243fd8bfc105c9bc61f63g-300x300.avif\" class=\"attachment-woocommerce_thumbnail size-woocommerce_thumbnail\" alt=\"62\/6 in 1 Electric Screwdriver Set Precision Handle Portable Power Tool Kits Wireless Cordless Small Bits for Phone Watch Repair\" srcset=\"https:\/\/jetasolutions.com.br\/vitrine\/wp-content\/uploads\/2026\/04\/S56e78ef6c6f243fd8bfc105c9bc61f63g-300x300.avif 300w, https:\/\/jetasolutions.com.br\/vitrine\/wp-content\/uploads\/2026\/04\/S56e78ef6c6f243fd8bfc105c9bc61f63g-150x150.avif 150w, https:\/\/jetasolutions.com.br\/vitrine\/wp-content\/uploads\/2026\/04\/S56e78ef6c6f243fd8bfc105c9bc61f63g-768x768.avif 768w, https:\/\/jetasolutions.com.br\/vitrine\/wp-content\/uploads\/2026\/04\/S56e78ef6c6f243fd8bfc105c9bc61f63g-600x600.avif 600w, https:\/\/jetasolutions.com.br\/vitrine\/wp-content\/uploads\/2026\/04\/S56e78ef6c6f243fd8bfc105c9bc61f63g-100x100.avif 100w, https:\/\/jetasolutions.com.br\/vitrine\/wp-content\/uploads\/2026\/04\/S56e78ef6c6f243fd8bfc105c9bc61f63g-460x460.avif 460w, https:\/\/jetasolutions.com.br\/vitrine\/wp-content\/uploads\/2026\/04\/S56e78ef6c6f243fd8bfc105c9bc61f63g.avif 1000w\" sizes=\"(max-width: 300px) 100vw, 300px\" \/><\/div>\n\t\t\t\t\t<div class=\"wc-block-grid__product-title\">62\/6 in 1 Electric Screwdriver Set Precision Handle Portable Power Tool Kits Wireless Cordless Small Bits for Phone Watch Repair<\/div>\n\t\t\t\t<\/a>\n\t\t\t\t<div class=\"wc-block-grid__product-price price\"><del aria-hidden=\"true\"><span class=\"woocommerce-Price-amount amount\"><span class=\"woocommerce-Price-currencySymbol\">&#082;&#036;<\/span>&nbsp;62,79<\/span><\/del> <span class=\"screen-reader-text\">O pre\u00e7o original era: &#082;&#036;&nbsp;62,79.<\/span><ins aria-hidden=\"true\"><span class=\"woocommerce-Price-amount amount\"><span class=\"woocommerce-Price-currencySymbol\">&#082;&#036;<\/span>&nbsp;57,79<\/span><\/ins><span class=\"screen-reader-text\">O pre\u00e7o atual \u00e9: &#082;&#036;&nbsp;57,79.<\/span><\/div>\n\t\t\t\t<div class=\"wc-block-grid__product-rating\"><div class=\"star-rating\" role=\"img\" aria-label=\"Avalia\u00e7\u00e3o 5.00 de 5\"><span style=\"width:100%\">Avaliado como <strong class=\"rating\">5.00<\/strong> de 5, com baseado em <span class=\"rating\">1<\/span> avalia\u00e7\u00e3o de cliente<\/span><\/div><\/div>\n\t\t\t\t<div class=\"wp-block-button wc-block-grid__product-add-to-cart\"><a href=\"https:\/\/s.click.aliexpress.com\/e\/_c34Ws26p\" aria-label=\"Compre no Alliexpress\" data-quantity=\"1\" data-product_id=\"1830\" data-product_sku=\"\" data-price=\"57.79\" rel=\"nofollow\" class=\"wp-block-button__link  add_to_cart_button\">Compre no Alliexpress<\/a><\/div>\n\t\t\t<\/li><\/ul><\/div><\/div>\n<\/div>\n","protected":false},"excerpt":{"rendered":"","protected":false},"author":1,"featured_media":0,"parent":0,"menu_order":0,"comment_status":"closed","ping_status":"closed","template":"","meta":{"_uf_show_specific_survey":0,"_uf_disable_surveys":false,"_glsr_average":0,"_glsr_ranking":0,"_glsr_reviews":0,"_joinchat":[],"footnotes":""},"class_list":["post-59","page","type-page","status-publish","hentry"],"jetpack_sharing_enabled":true,"_links":{"self":[{"href":"https:\/\/jetasolutions.com.br\/vitrine\/index.php?rest_route=\/wp\/v2\/pages\/59","targetHints":{"allow":["GET"]}}],"collection":[{"href":"https:\/\/jetasolutions.com.br\/vitrine\/index.php?rest_route=\/wp\/v2\/pages"}],"about":[{"href":"https:\/\/jetasolutions.com.br\/vitrine\/index.php?rest_route=\/wp\/v2\/types\/page"}],"author":[{"embeddable":true,"href":"https:\/\/jetasolutions.com.br\/vitrine\/index.php?rest_route=\/wp\/v2\/users\/1"}],"replies":[{"embeddable":true,"href":"https:\/\/jetasolutions.com.br\/vitrine\/index.php?rest_route=%2Fwp%2Fv2%2Fcomments&post=59"}],"version-history":[{"count":1,"href":"https:\/\/jetasolutions.com.br\/vitrine\/index.php?rest_route=\/wp\/v2\/pages\/59\/revisions"}],"predecessor-version":[{"id":664,"href":"https:\/\/jetasolutions.com.br\/vitrine\/index.php?rest_route=\/wp\/v2\/pages\/59\/revisions\/664"}],"wp:attachment":[{"href":"https:\/\/jetasolutions.com.br\/vitrine\/index.php?rest_route=%2Fwp%2Fv2%2Fmedia&parent=59"}],"curies":[{"name":"wp","href":"https:\/\/api.w.org\/{rel}","templated":true}]}}