{"id":28,"date":"2026-03-17T17:01:15","date_gmt":"2026-03-17T20:01:15","guid":{"rendered":"https:\/\/loja.jetasolutions.com.br\/vitrine\/promocoes\/"},"modified":"2026-03-17T17:10:39","modified_gmt":"2026-03-17T20:10:39","slug":"promocoes","status":"publish","type":"page","link":"https:\/\/jetasolutions.com.br\/vitrine\/?page_id=28","title":{"rendered":"Promo\u00e7\u00f5es"},"content":{"rendered":"\n<div class=\"wp-block-group alignfull is-style-ext-preset--group--natural-1--section has-background-background-color has-background\" style=\"margin-top:0;margin-bottom:0;padding-top:var(--wp--preset--spacing--70);padding-bottom:var(--wp--preset--spacing--70)\"><div class=\"wp-block-group__inner-container is-layout-constrained wp-block-group-is-layout-constrained\">\n<div class=\"wp-block-columns alignwide are-vertically-aligned-center is-layout-flex wp-container-core-columns-is-layout-3eeeff7a wp-block-columns-is-layout-flex\">\n<div class=\"wp-block-column is-vertically-aligned-center is-layout-flow wp-block-column-is-layout-flow\">\n<figure class=\"wp-block-image is-style-ext-preset--image--natural-1--image-1--content-right ext-animate--on\"><img fetchpriority=\"high\" decoding=\"async\" width=\"1440\" height=\"958\" class=\"wp-image-47\" src=\"http:\/\/loja.jetasolutions.com.br\/vitrine\/wp-content\/uploads\/2026\/03\/73ae7311bec80a21856cc24a4456837c625b8bf2.jpg\" alt=\"\" style=\"aspect-ratio:4\/3;object-fit:cover\" srcset=\"https:\/\/jetasolutions.com.br\/vitrine\/wp-content\/uploads\/2026\/03\/73ae7311bec80a21856cc24a4456837c625b8bf2.jpg 1440w, https:\/\/jetasolutions.com.br\/vitrine\/wp-content\/uploads\/2026\/03\/73ae7311bec80a21856cc24a4456837c625b8bf2-600x399.jpg 600w, https:\/\/jetasolutions.com.br\/vitrine\/wp-content\/uploads\/2026\/03\/73ae7311bec80a21856cc24a4456837c625b8bf2-300x200.jpg 300w, https:\/\/jetasolutions.com.br\/vitrine\/wp-content\/uploads\/2026\/03\/73ae7311bec80a21856cc24a4456837c625b8bf2-1024x681.jpg 1024w, https:\/\/jetasolutions.com.br\/vitrine\/wp-content\/uploads\/2026\/03\/73ae7311bec80a21856cc24a4456837c625b8bf2-768x511.jpg 768w\" sizes=\"(max-width: 1440px) 100vw, 1440px\" \/><\/figure>\n<\/div>\n\n\n\n<div class=\"wp-block-column is-vertically-aligned-center is-layout-flow wp-block-column-is-layout-flow\">\n<figure class=\"wp-block-image size-large ext-animate--on wp-duotone-varpresetduotoneprimary-foreground-1\"><img decoding=\"async\" src=\"data:image\/svg+xml;base64,PHN2ZyB4bWxucz0iaHR0cDovL3d3dy53My5vcmcvMjAwMC9zdmciIHdpZHRoPSI2NCIgaGVpZ2h0PSI2NCIgZmlsbD0iIzAwMDAwMCIgdmlld0JveD0iMCAwIDI1NiAyNTYiPjxwYXRoIGQ9Ik0xMTEuNDksNTIuNjNhMTUuOCwxNS44LDAsMCwwLTI2LDUuNzdMMzMsMjAyLjc4QTE1LjgzLDE1LjgzLDAsMCwwLDQ3Ljc2LDIyNGExNiwxNiwwLDAsMCw1LjQ2LTFsMTQ0LjM3LTUyLjVhMTUuOCwxNS44LDAsMCwwLDUuNzgtMjZabS04LjMzLDEzNS4yMS0zNS0zNSwxMy4xNi0zNi4yMSw1OC4wNSw1OC4wNVptLTU1LDIwLDE0LTM4LjQxLDI0LjQ1LDI0LjQ1Wk0xNTYsMTY4LjY0LDg3LjM2LDEwMGwxMy0zNS44Nyw5MS40Myw5MS40M1pNMTYwLDcyYTM3LjgsMzcuOCwwLDAsMSwzLjg0LTE1LjU4QzE2OS4xNCw0NS44MywxNzkuMTQsNDAsMTkyLDQwYzYuNywwLDExLTIuMjksMTMuNjUtNy4yMUEyMiwyMiwwLDAsMCwyMDgsMjMuOTQsOCw4LDAsMCwxLDIyNCwyNGMwLDEyLjg2LTguNTIsMzItMzIsMzItNi43LDAtMTEsMi4yOS0xMy42NSw3LjIxQTIyLDIyLDAsMCwwLDE3Niw3Mi4wNiw4LDgsMCwwLDEsMTYwLDcyWk0xMzYsNDBWMTZhOCw4LDAsMCwxLDE2LDBWNDBhOCw4LDAsMCwxLTE2LDBabTEwMS42Niw4Mi4zNGE4LDgsMCwxLDEtMTEuMzIsMTEuMzFsLTE2LTE2YTgsOCwwLDAsMSwxMS4zMi0xMS4zMlptNC44Ny00Mi43NS0yNCw4YTgsOCwwLDAsMS01LjA2LTE1LjE4bDI0LThhOCw4LDAsMCwxLDUuMDYsMTUuMThaIj48L3BhdGg+PC9zdmc+\" alt=\"\"\/><\/figure>\n\n\n\n<h2 class=\"wp-block-heading ext-animate--on\">Ofertas exclusivas que facilitam suas compras<\/h2>\n\n\n\n<p class=\"ext-animate--on\" style=\"margin-top:1.5rem\">Dive into our exciting limited-time promotions. Unique and irresistible deals await you. Don\u2019t let these amazing opportunities slip away. Grab your favorites now!<\/p>\n\n\n\n<div class=\"wp-block-buttons ext-animate--on is-layout-flex wp-block-buttons-is-layout-flex\">\n<div class=\"wp-block-button is-style-ext-preset--button--natural-1--button-1\"><a class=\"wp-block-button__link wp-element-button\" href=\"https:\/\/loja.jetasolutions.com.br\/vitrine\/contato\">Ver Promo\u00e7\u00f5es<\/a><\/div>\n<\/div>\n<\/div>\n<\/div>\n<\/div><\/div>\n\n<div class=\"wp-block-group alignfull is-style-ext-preset--group--natural-1--section has-tertiary-background-color has-background\" style=\"margin-top:0;margin-bottom:0;padding-top:var(--wp--preset--spacing--70);padding-bottom:var(--wp--preset--spacing--70)\"><div class=\"wp-block-group__inner-container is-layout-constrained wp-block-group-is-layout-constrained\">\n<div class=\"wp-block-media-text alignwide has-media-on-the-right is-stacked-on-mobile is-image-fill-element is-style-ext-preset--media-text--natural-1--card-1 ext-animate--on has-background-background-color has-background\"><div class=\"wp-block-media-text__content\">\n<div class=\"wp-block-group alignwide is-vertical is-layout-flex wp-container-core-group-is-layout-581f75c1 wp-block-group-is-layout-flex\" style=\"padding-top:var(--wp--preset--spacing--60);padding-bottom:var(--wp--preset--spacing--60)\">\n<div class=\"wp-block-group\" style=\"padding-top:0;padding-right:0;padding-bottom:0;padding-left:0\"><div class=\"wp-block-group__inner-container is-layout-constrained wp-container-core-group-is-layout-c05df888 wp-block-group-is-layout-constrained\">\n<h2 class=\"wp-block-heading\">Descubra promo\u00e7\u00f5es exclusivas com facilidade<\/h2>\n\n\n\n<p>Aproveite descontos incr\u00edveis e encontre as melhores ofertas para transformar sua experi\u00eancia de compra. Navegue, escolha e economize com facilidade!<\/p>\n<\/div><\/div>\n\n\n\n<div class=\"wp-block-buttons is-layout-flex wp-block-buttons-is-layout-flex\">\n<div class=\"wp-block-button is-style-ext-preset--button--natural-1--button-1\"><a class=\"wp-block-button__link wp-element-button\" href=\"https:\/\/loja.jetasolutions.com.br\/vitrine\/contato\">Veja as Promo\u00e7\u00f5es<\/a><\/div>\n<\/div>\n<\/div>\n<\/div><figure class=\"wp-block-media-text__media\"><img decoding=\"async\" width=\"1440\" height=\"810\" class=\"wp-image-38 size-full\" src=\"http:\/\/loja.jetasolutions.com.br\/vitrine\/wp-content\/uploads\/2026\/03\/f35ed4a651b07ad710ca2af5f972554998f1574a.jpg\" alt=\"\" style=\"object-position:50% 50%\" srcset=\"https:\/\/jetasolutions.com.br\/vitrine\/wp-content\/uploads\/2026\/03\/f35ed4a651b07ad710ca2af5f972554998f1574a.jpg 1440w, https:\/\/jetasolutions.com.br\/vitrine\/wp-content\/uploads\/2026\/03\/f35ed4a651b07ad710ca2af5f972554998f1574a-600x338.jpg 600w, https:\/\/jetasolutions.com.br\/vitrine\/wp-content\/uploads\/2026\/03\/f35ed4a651b07ad710ca2af5f972554998f1574a-300x169.jpg 300w, https:\/\/jetasolutions.com.br\/vitrine\/wp-content\/uploads\/2026\/03\/f35ed4a651b07ad710ca2af5f972554998f1574a-1024x576.jpg 1024w, https:\/\/jetasolutions.com.br\/vitrine\/wp-content\/uploads\/2026\/03\/f35ed4a651b07ad710ca2af5f972554998f1574a-768x432.jpg 768w\" sizes=\"(max-width: 1440px) 100vw, 1440px\" \/><\/figure><\/div>\n<\/div><\/div>\n\n<div class=\"wp-block-group alignfull is-style-ext-preset--group--natural-1--section has-background-background-color has-background\" style=\"margin-top:0;margin-bottom:0;padding-top:var(--wp--preset--spacing--70);padding-bottom:var(--wp--preset--spacing--70)\"><div class=\"wp-block-group__inner-container is-layout-constrained wp-block-group-is-layout-constrained\">\n<h2 class=\"wp-block-heading has-text-align-center ext-animate--on\">Aproveite Ofertas Imperd\u00edveis e Vantagens Exclusivas<\/h2>\n\n\n\n<p class=\"has-text-align-center ext-animate--on\" style=\"margin-top:1.5rem\">Descubra as promo\u00e7\u00f5es exclusivas que tornam suas compras mais vantajosas e pr\u00e1ticas em nossa plataforma.<\/p>\n\n\n\n<div class=\"wp-block-columns alignwide is-layout-flex wp-container-core-columns-is-layout-bd0aba32 wp-block-columns-is-layout-flex\">\n<div class=\"wp-block-column is-vertically-aligned-stretch ext-animate--on is-layout-flow wp-block-column-is-layout-flow\">\n<div class=\"wp-block-group is-style-ext-preset--group--natural-1--item-card-1--align-center\"><div class=\"wp-block-group__inner-container is-layout-constrained wp-block-group-is-layout-constrained\">\n<div class=\"wp-block-group is-style-default\"><div class=\"wp-block-group__inner-container is-layout-constrained wp-block-group-is-layout-constrained\"><div class=\"wp-block-image ext-aspect-landscape wp-duotone-varpresetduotoneprimary-foreground-2\">\n<figure class=\"aligncenter size-large\"><img decoding=\"async\" src=\"data:image\/svg+xml;base64,PHN2ZyB4bWxucz0iaHR0cDovL3d3dy53My5vcmcvMjAwMC9zdmciIHdpZHRoPSI0OCIgaGVpZ2h0PSI0OCIgZmlsbD0iIzAwMDAwMCIgdmlld0JveD0iMCAwIDI1NiAyNTYiPjxwYXRoIGQ9Ik0xNzIsNzZhNDQsNDQsMCwxLDAtNDQsNDRBNDQuMDUsNDQuMDUsMCwwLDAsMTcyLDc2Wm0tNDQsMjhhMjgsMjgsMCwxLDEsMjgtMjhBMjgsMjgsMCwwLDEsMTI4LDEwNFptNjAsMjRhNDQsNDQsMCwxLDAsNDQsNDRBNDQuMDUsNDQuMDUsMCwwLDAsMTg4LDEyOFptMCw3MmEyOCwyOCwwLDEsMSwyOC0yOEEyOCwyOCwwLDAsMSwxODgsMjAwWk02OCwxMjhhNDQsNDQsMCwxLDAsNDQsNDRBNDQuMDUsNDQuMDUsMCwwLDAsNjgsMTI4Wm0wLDcyYTI4LDI4LDAsMSwxLDI4LTI4QTI4LDI4LDAsMCwxLDY4LDIwMFoiPjwvcGF0aD48L3N2Zz4=\" alt=\"\" style=\"object-fit:cover\"\/><\/figure>\n<\/div>\n\n\n<h3 class=\"wp-block-heading has-text-align-center\">Economia Garantida em Produtos Selecionados<\/h3>\n\n\n\n<p class=\"has-text-align-center\">Desfrute de descontos especiais que proporcionam o melhor custo-benef\u00edcio, tornando suas compras ainda mais inteligentes.<\/p>\n<\/div><\/div>\n<\/div><\/div>\n<\/div>\n\n\n\n<div class=\"wp-block-column is-vertically-aligned-stretch ext-animate--on is-layout-flow wp-block-column-is-layout-flow\">\n<div class=\"wp-block-group is-style-ext-preset--group--natural-1--item-card-1--align-center\"><div class=\"wp-block-group__inner-container is-layout-constrained wp-block-group-is-layout-constrained\">\n<div class=\"wp-block-group is-style-default\"><div class=\"wp-block-group__inner-container is-layout-constrained wp-block-group-is-layout-constrained\"><div class=\"wp-block-image ext-aspect-landscape wp-duotone-varpresetduotoneprimary-foreground-3\">\n<figure class=\"aligncenter size-large\"><img decoding=\"async\" src=\"data:image\/svg+xml;base64,PHN2ZyB4bWxucz0iaHR0cDovL3d3dy53My5vcmcvMjAwMC9zdmciIHdpZHRoPSI0OCIgaGVpZ2h0PSI0OCIgZmlsbD0iIzAwMDAwMCIgdmlld0JveD0iMCAwIDI1NiAyNTYiPjxwYXRoIGQ9Ik04MCw0MGE0MCw0MCwwLDEsMCw0MCw0MEE0MCw0MCwwLDAsMCw4MCw0MFptMCw2NGEyNCwyNCwwLDEsMSwyNC0yNEEyNCwyNCwwLDAsMSw4MCwxMDRabTk2LDE2YTQwLDQwLDAsMSwwLTQwLTQwQTQwLDQwLDAsMCwwLDE3NiwxMjBabTAtNjRhMjQsMjQsMCwxLDEtMjQsMjRBMjQsMjQsMCwwLDEsMTc2LDU2Wk04MCwxMzZhNDAsNDAsMCwxLDAsNDAsNDBBNDAsNDAsMCwwLDAsODAsMTM2Wm0wLDY0YTI0LDI0LDAsMSwxLDI0LTI0QTI0LDI0LDAsMCwxLDgwLDIwMFptOTYtNjRhNDAsNDAsMCwxLDAsNDAsNDBBNDAsNDAsMCwwLDAsMTc2LDEzNlptMCw2NGEyNCwyNCwwLDEsMSwyNC0yNEEyNCwyNCwwLDAsMSwxNzYsMjAwWiI+PC9wYXRoPjwvc3ZnPg==\" alt=\"\" style=\"object-fit:cover\"\/><\/figure>\n<\/div>\n\n\n<h3 class=\"wp-block-heading has-text-align-center\">Variedade de Ofertas Atualizadas Diariamente<\/h3>\n\n\n\n<p class=\"has-text-align-center\">Acesse promo\u00e7\u00f5es fresquinhas constantemente, garantindo acesso \u00e0s melhores oportunidades do mercado a qualquer momento.<\/p>\n<\/div><\/div>\n<\/div><\/div>\n<\/div>\n\n\n\n<div class=\"wp-block-column is-vertically-aligned-stretch ext-animate--on is-layout-flow wp-block-column-is-layout-flow\">\n<div class=\"wp-block-group is-style-ext-preset--group--natural-1--item-card-1--align-center\"><div class=\"wp-block-group__inner-container is-layout-constrained wp-block-group-is-layout-constrained\">\n<div class=\"wp-block-group is-style-default\"><div class=\"wp-block-group__inner-container is-layout-constrained wp-block-group-is-layout-constrained\"><div class=\"wp-block-image ext-aspect-landscape wp-duotone-varpresetduotoneprimary-foreground-4\">\n<figure class=\"aligncenter size-large\"><img decoding=\"async\" src=\"data:image\/svg+xml;base64,PHN2ZyB4bWxucz0iaHR0cDovL3d3dy53My5vcmcvMjAwMC9zdmciIHdpZHRoPSI0OCIgaGVpZ2h0PSI0OCIgZmlsbD0iIzAwMDAwMCIgdmlld0JveD0iMCAwIDI1NiAyNTYiPjxwYXRoIGQ9Ik04MCw0MGE0MCw0MCwwLDEsMCw0MCw0MEE0MCw0MCwwLDAsMCw4MCw0MFptMCw2NGEyNCwyNCwwLDEsMSwyNC0yNEEyNCwyNCwwLDAsMSw4MCwxMDRabTk2LDE2YTQwLDQwLDAsMSwwLTQwLTQwQTQwLDQwLDAsMCwwLDE3NiwxMjBabTAtNjRhMjQsMjQsMCwxLDEtMjQsMjRBMjQsMjQsMCwwLDEsMTc2LDU2Wk04MCwxMzZhNDAsNDAsMCwxLDAsNDAsNDBBNDAsNDAsMCwwLDAsODAsMTM2Wm0wLDY0YTI0LDI0LDAsMSwxLDI0LTI0QTI0LDI0LDAsMCwxLDgwLDIwMFptMTM2LTI0YTgsOCwwLDAsMS04LDhIMTg0djI0YTgsOCwwLDAsMS0xNiwwVjE4NEgxNDRhOCw4LDAsMCwxLDAtMTZoMjRWMTQ0YTgsOCwwLDAsMSwxNiwwdjI0aDI0QTgsOCwwLDAsMSwyMTYsMTc2WiI+PC9wYXRoPjwvc3ZnPg==\" alt=\"\" style=\"object-fit:cover\"\/><\/figure>\n<\/div>\n\n\n<h3 class=\"wp-block-heading has-text-align-center\">Navega\u00e7\u00e3o F\u00e1cil e Personalizada<\/h3>\n\n\n\n<p class=\"has-text-align-center\">Encontre rapidamente as promo\u00e7\u00f5es que mais combinam com voc\u00ea, gra\u00e7as a uma experi\u00eancia de compra intuitiva e otimizada.<\/p>\n<\/div><\/div>\n<\/div><\/div>\n<\/div>\n<\/div>\n\n\n\n<div class=\"wp-block-buttons ext-animate--on is-content-justification-center is-layout-flex wp-container-core-buttons-is-layout-16018d1d wp-block-buttons-is-layout-flex\">\n<div class=\"wp-block-button is-style-ext-preset--button--natural-1--button-1\"><a class=\"wp-block-button__link wp-element-button\" href=\"https:\/\/loja.jetasolutions.com.br\/vitrine\/contato\">Ver Promo\u00e7\u00f5es<\/a><\/div>\n<\/div>\n<\/div><\/div>\n","protected":false},"excerpt":{"rendered":"<p>Ofertas exclusivas que facilitam suas compras Dive into our exciting limited-time promotions. Unique and irresistible deals await you. Don\u2019t let these amazing opportunities slip away. Grab your favorites now! Descubra promo\u00e7\u00f5es exclusivas com facilidade Aproveite descontos incr\u00edveis e encontre as melhores ofertas para transformar sua experi\u00eancia de compra. Navegue, escolha e economize com facilidade! Aproveite &hellip; <\/p>\n<p class=\"link-more\"><a href=\"https:\/\/jetasolutions.com.br\/vitrine\/?page_id=28\" class=\"more-link\">Continue reading<span class=\"screen-reader-text\"> &#8220;Promo\u00e7\u00f5es&#8221;<\/span><\/a><\/p>\n","protected":false},"author":1,"featured_media":0,"parent":0,"menu_order":0,"comment_status":"closed","ping_status":"closed","template":"page-with-title","meta":{"_uf_show_specific_survey":0,"_uf_disable_surveys":false,"_glsr_average":0,"_glsr_ranking":0,"_glsr_reviews":0,"_joinchat":[],"footnotes":""},"class_list":["post-28","page","type-page","status-publish","hentry"],"jetpack_sharing_enabled":true,"_links":{"self":[{"href":"https:\/\/jetasolutions.com.br\/vitrine\/index.php?rest_route=\/wp\/v2\/pages\/28","targetHints":{"allow":["GET"]}}],"collection":[{"href":"https:\/\/jetasolutions.com.br\/vitrine\/index.php?rest_route=\/wp\/v2\/pages"}],"about":[{"href":"https:\/\/jetasolutions.com.br\/vitrine\/index.php?rest_route=\/wp\/v2\/types\/page"}],"author":[{"embeddable":true,"href":"https:\/\/jetasolutions.com.br\/vitrine\/index.php?rest_route=\/wp\/v2\/users\/1"}],"replies":[{"embeddable":true,"href":"https:\/\/jetasolutions.com.br\/vitrine\/index.php?rest_route=%2Fwp%2Fv2%2Fcomments&post=28"}],"version-history":[{"count":2,"href":"https:\/\/jetasolutions.com.br\/vitrine\/index.php?rest_route=\/wp\/v2\/pages\/28\/revisions"}],"predecessor-version":[{"id":48,"href":"https:\/\/jetasolutions.com.br\/vitrine\/index.php?rest_route=\/wp\/v2\/pages\/28\/revisions\/48"}],"wp:attachment":[{"href":"https:\/\/jetasolutions.com.br\/vitrine\/index.php?rest_route=%2Fwp%2Fv2%2Fmedia&parent=28"}],"curies":[{"name":"wp","href":"https:\/\/api.w.org\/{rel}","templated":true}]}}