{"id":27,"date":"2026-03-17T17:01:13","date_gmt":"2026-03-17T20:01:13","guid":{"rendered":"https:\/\/loja.jetasolutions.com.br\/vitrine\/servicos\/"},"modified":"2026-03-17T17:10:36","modified_gmt":"2026-03-17T20:10:36","slug":"servicos","status":"publish","type":"page","link":"https:\/\/jetasolutions.com.br\/vitrine\/?page_id=27","title":{"rendered":"Servi\u00e7os"},"content":{"rendered":"\n<div class=\"wp-block-group alignfull is-style-ext-preset--group--natural-1--section has-background-background-color has-background\" id=\"servicos\" style=\"margin-top:0;margin-bottom:0;padding-top:var(--wp--preset--spacing--70);padding-bottom:var(--wp--preset--spacing--70)\"><div class=\"wp-block-group__inner-container is-layout-constrained wp-block-group-is-layout-constrained\">\n<h2 class=\"wp-block-heading has-text-align-center ext-animate--on\">Explore as promo\u00e7\u00f5es que voc\u00ea merece<\/h2>\n\n\n\n<p class=\"has-text-align-center ext-animate--on\" style=\"margin-top:1.5rem\">Aqui, apresentamos uma ampla gama de servi\u00e7os que garantem qualidade e total satisfa\u00e7\u00e3o para voc\u00ea.<\/p>\n\n\n\n<div class=\"wp-block-columns alignwide is-layout-flex wp-container-core-columns-is-layout-bd0aba32 wp-block-columns-is-layout-flex\">\n<div class=\"wp-block-column ext-animate--on is-layout-flow wp-block-column-is-layout-flow\">\n<div class=\"wp-block-group is-style-ext-preset--group--natural-1--item-card-1--align-center\"><div class=\"wp-block-group__inner-container is-layout-constrained wp-block-group-is-layout-constrained\">\n<figure class=\"wp-block-image\"><img fetchpriority=\"high\" decoding=\"async\" width=\"1440\" height=\"960\" class=\"wp-image-44\" src=\"http:\/\/loja.jetasolutions.com.br\/vitrine\/wp-content\/uploads\/2026\/03\/27a305cd8ce0a36fe63671c830137a2e16022e0f.jpg\" alt=\"\" style=\"aspect-ratio:4\/3;object-fit:cover\" srcset=\"https:\/\/jetasolutions.com.br\/vitrine\/wp-content\/uploads\/2026\/03\/27a305cd8ce0a36fe63671c830137a2e16022e0f.jpg 1440w, https:\/\/jetasolutions.com.br\/vitrine\/wp-content\/uploads\/2026\/03\/27a305cd8ce0a36fe63671c830137a2e16022e0f-600x400.jpg 600w, https:\/\/jetasolutions.com.br\/vitrine\/wp-content\/uploads\/2026\/03\/27a305cd8ce0a36fe63671c830137a2e16022e0f-300x200.jpg 300w, https:\/\/jetasolutions.com.br\/vitrine\/wp-content\/uploads\/2026\/03\/27a305cd8ce0a36fe63671c830137a2e16022e0f-1024x683.jpg 1024w, https:\/\/jetasolutions.com.br\/vitrine\/wp-content\/uploads\/2026\/03\/27a305cd8ce0a36fe63671c830137a2e16022e0f-768x512.jpg 768w\" sizes=\"(max-width: 1440px) 100vw, 1440px\" \/><\/figure>\n\n\n\n<div class=\"wp-block-group is-style-default\"><div class=\"wp-block-group__inner-container is-layout-constrained wp-block-group-is-layout-constrained\">\n<h3 class=\"wp-block-heading has-text-align-center\">Oferta Exclusiva<\/h3>\n\n\n\n<p class=\"has-text-align-center\">Criamos esta oferta para atender suas demandas com efici\u00eancia e precis\u00e3o.<\/p>\n<\/div><\/div>\n<\/div><\/div>\n<\/div>\n\n\n\n<div class=\"wp-block-column ext-animate--on is-layout-flow wp-block-column-is-layout-flow\">\n<div class=\"wp-block-group is-style-ext-preset--group--natural-1--item-card-1--align-center\"><div class=\"wp-block-group__inner-container is-layout-constrained wp-block-group-is-layout-constrained\">\n<figure class=\"wp-block-image\"><img decoding=\"async\" width=\"1440\" height=\"960\" class=\"wp-image-40\" src=\"http:\/\/loja.jetasolutions.com.br\/vitrine\/wp-content\/uploads\/2026\/03\/7706fdb3c370b32fa2877f25c4828886c929fe1f.jpg\" alt=\"\" style=\"aspect-ratio:4\/3;object-fit:cover\" srcset=\"https:\/\/jetasolutions.com.br\/vitrine\/wp-content\/uploads\/2026\/03\/7706fdb3c370b32fa2877f25c4828886c929fe1f.jpg 1440w, https:\/\/jetasolutions.com.br\/vitrine\/wp-content\/uploads\/2026\/03\/7706fdb3c370b32fa2877f25c4828886c929fe1f-600x400.jpg 600w, https:\/\/jetasolutions.com.br\/vitrine\/wp-content\/uploads\/2026\/03\/7706fdb3c370b32fa2877f25c4828886c929fe1f-300x200.jpg 300w, https:\/\/jetasolutions.com.br\/vitrine\/wp-content\/uploads\/2026\/03\/7706fdb3c370b32fa2877f25c4828886c929fe1f-1024x683.jpg 1024w, https:\/\/jetasolutions.com.br\/vitrine\/wp-content\/uploads\/2026\/03\/7706fdb3c370b32fa2877f25c4828886c929fe1f-768x512.jpg 768w\" sizes=\"(max-width: 1440px) 100vw, 1440px\" \/><\/figure>\n\n\n\n<div class=\"wp-block-group is-style-default\"><div class=\"wp-block-group__inner-container is-layout-constrained wp-block-group-is-layout-constrained\">\n<h3 class=\"wp-block-heading has-text-align-center\">Solu\u00e7\u00f5es Personalizadas<\/h3>\n\n\n\n<p class=\"has-text-align-center\">Projetadas para proporcionar solu\u00e7\u00f5es \u00fanicas que maximizam seus resultados.<\/p>\n<\/div><\/div>\n<\/div><\/div>\n<\/div>\n\n\n\n<div class=\"wp-block-column ext-animate--on is-layout-flow wp-block-column-is-layout-flow\">\n<div class=\"wp-block-group is-style-ext-preset--group--natural-1--item-card-1--align-center\"><div class=\"wp-block-group__inner-container is-layout-constrained wp-block-group-is-layout-constrained\">\n<figure class=\"wp-block-image\"><img decoding=\"async\" width=\"1440\" height=\"960\" class=\"wp-image-45\" src=\"http:\/\/loja.jetasolutions.com.br\/vitrine\/wp-content\/uploads\/2026\/03\/1b1329f2fe35f75ce4f155ea787676822678174b.jpg\" alt=\"\" style=\"aspect-ratio:4\/3;object-fit:cover\" srcset=\"https:\/\/jetasolutions.com.br\/vitrine\/wp-content\/uploads\/2026\/03\/1b1329f2fe35f75ce4f155ea787676822678174b.jpg 1440w, https:\/\/jetasolutions.com.br\/vitrine\/wp-content\/uploads\/2026\/03\/1b1329f2fe35f75ce4f155ea787676822678174b-600x400.jpg 600w, https:\/\/jetasolutions.com.br\/vitrine\/wp-content\/uploads\/2026\/03\/1b1329f2fe35f75ce4f155ea787676822678174b-300x200.jpg 300w, https:\/\/jetasolutions.com.br\/vitrine\/wp-content\/uploads\/2026\/03\/1b1329f2fe35f75ce4f155ea787676822678174b-1024x683.jpg 1024w, https:\/\/jetasolutions.com.br\/vitrine\/wp-content\/uploads\/2026\/03\/1b1329f2fe35f75ce4f155ea787676822678174b-768x512.jpg 768w\" sizes=\"(max-width: 1440px) 100vw, 1440px\" \/><\/figure>\n\n\n\n<div class=\"wp-block-group is-style-default\"><div class=\"wp-block-group__inner-container is-layout-constrained wp-block-group-is-layout-constrained\">\n<h3 class=\"wp-block-heading has-text-align-center\">Benef\u00edcios Garantidos<\/h3>\n\n\n\n<p class=\"has-text-align-center\">Desenvolvido para entregar valor superior e confian\u00e7a cont\u00ednua em cada uso.<\/p>\n<\/div><\/div>\n<\/div><\/div>\n<\/div>\n<\/div>\n<\/div><\/div>\n\n<div class=\"wp-block-group alignfull is-style-ext-preset--group--natural-1--section has-tertiary-background-color has-background\" id=\"recursos\" style=\"margin-top:0;margin-bottom:0;padding-top:var(--wp--preset--spacing--70);padding-bottom:var(--wp--preset--spacing--70)\"><div class=\"wp-block-group__inner-container is-layout-constrained wp-block-group-is-layout-constrained\">\n<div class=\"wp-block-group alignwide ext-is-logical-start is-content-justification-left\"><div class=\"wp-block-group__inner-container is-layout-constrained wp-container-core-group-is-layout-1916714e wp-block-group-is-layout-constrained\">\n<h2 class=\"wp-block-heading ext-animate--on\">Aproveite ofertas exclusivas e economize mais<\/h2>\n\n\n\n<p class=\"has-text-align-left ext-animate--on\">Descubra as funcionalidades que fazem da Jetasolutions a sua melhor escolha para compras online<\/p>\n<\/div><\/div>\n\n\n\n<div class=\"wp-block-columns alignwide is-layout-flex wp-container-core-columns-is-layout-bd0aba32 wp-block-columns-is-layout-flex\">\n<div class=\"wp-block-column is-vertically-aligned-stretch ext-animate--on is-layout-flow wp-block-column-is-layout-flow\">\n<div class=\"wp-block-group is-style-ext-preset--group--natural-1--item-card-1--align-start\"><div class=\"wp-block-group__inner-container is-layout-constrained wp-block-group-is-layout-constrained\">\n<div class=\"wp-block-group is-style-default\"><div class=\"wp-block-group__inner-container is-layout-constrained wp-block-group-is-layout-constrained\">\n<div class=\"wp-block-group is-nowrap is-layout-flex wp-container-core-group-is-layout-3c817655 wp-block-group-is-layout-flex\" style=\"padding-top:0;padding-right:0;padding-bottom:0;padding-left:0\">\n<figure class=\"wp-block-image size-large ext-aspect-landscape wp-duotone-varpresetduotoneprimary-foreground-1\"><img decoding=\"async\" src=\"data:image\/svg+xml;base64,PHN2ZyB4bWxucz0iaHR0cDovL3d3dy53My5vcmcvMjAwMC9zdmciIHdpZHRoPSI0OCIgaGVpZ2h0PSI0OCIgZmlsbD0iIzAwMDAwMCIgdmlld0JveD0iMCAwIDI1NiAyNTYiPjxwYXRoIGQ9Ik0xNzIsNzZhNDQsNDQsMCwxLDAtNDQsNDRBNDQuMDUsNDQuMDUsMCwwLDAsMTcyLDc2Wm0tNDQsMjhhMjgsMjgsMCwxLDEsMjgtMjhBMjgsMjgsMCwwLDEsMTI4LDEwNFptNjAsMjRhNDQsNDQsMCwxLDAsNDQsNDRBNDQuMDUsNDQuMDUsMCwwLDAsMTg4LDEyOFptMCw3MmEyOCwyOCwwLDEsMSwyOC0yOEEyOCwyOCwwLDAsMSwxODgsMjAwWk02OCwxMjhhNDQsNDQsMCwxLDAsNDQsNDRBNDQuMDUsNDQuMDUsMCwwLDAsNjgsMTI4Wm0wLDcyYTI4LDI4LDAsMSwxLDI4LTI4QTI4LDI4LDAsMCwxLDY4LDIwMFoiPjwvcGF0aD48L3N2Zz4=\" alt=\"\" style=\"object-fit:cover\"\/><\/figure>\n\n\n\n<div class=\"wp-block-group wp-container-content-958eb9dc\" style=\"padding-top:0;padding-right:0;padding-bottom:0;padding-left:0\"><div class=\"wp-block-group__inner-container is-layout-constrained wp-container-core-group-is-layout-ce3938d8 wp-block-group-is-layout-constrained\">\n<h3 class=\"wp-block-heading\">Ofertas Personalizadas<\/h3>\n\n\n\n<p>Receba promo\u00e7\u00f5es feitas sob medida para voc\u00ea, garantindo os melhores pre\u00e7os<\/p>\n<\/div><\/div>\n<\/div>\n<\/div><\/div>\n<\/div><\/div>\n<\/div>\n\n\n\n<div class=\"wp-block-column is-vertically-aligned-stretch ext-animate--on is-layout-flow wp-block-column-is-layout-flow\">\n<div class=\"wp-block-group is-style-ext-preset--group--natural-1--item-card-1--align-start\"><div class=\"wp-block-group__inner-container is-layout-constrained wp-block-group-is-layout-constrained\">\n<div class=\"wp-block-group is-style-default\"><div class=\"wp-block-group__inner-container is-layout-constrained wp-block-group-is-layout-constrained\">\n<div class=\"wp-block-group is-nowrap is-layout-flex wp-container-core-group-is-layout-3c817655 wp-block-group-is-layout-flex\" style=\"padding-top:0;padding-right:0;padding-bottom:0;padding-left:0\">\n<figure class=\"wp-block-image size-large ext-aspect-landscape wp-duotone-varpresetduotoneprimary-foreground-2\"><img decoding=\"async\" src=\"data:image\/svg+xml;base64,PHN2ZyB4bWxucz0iaHR0cDovL3d3dy53My5vcmcvMjAwMC9zdmciIHdpZHRoPSI0OCIgaGVpZ2h0PSI0OCIgZmlsbD0iIzAwMDAwMCIgdmlld0JveD0iMCAwIDI1NiAyNTYiPjxwYXRoIGQ9Ik04MCw0MGE0MCw0MCwwLDEsMCw0MCw0MEE0MCw0MCwwLDAsMCw4MCw0MFptMCw2NGEyNCwyNCwwLDEsMSwyNC0yNEEyNCwyNCwwLDAsMSw4MCwxMDRabTk2LDE2YTQwLDQwLDAsMSwwLTQwLTQwQTQwLDQwLDAsMCwwLDE3NiwxMjBabTAtNjRhMjQsMjQsMCwxLDEtMjQsMjRBMjQsMjQsMCwwLDEsMTc2LDU2Wk04MCwxMzZhNDAsNDAsMCwxLDAsNDAsNDBBNDAsNDAsMCwwLDAsODAsMTM2Wm0wLDY0YTI0LDI0LDAsMSwxLDI0LTI0QTI0LDI0LDAsMCwxLDgwLDIwMFptOTYtNjRhNDAsNDAsMCwxLDAsNDAsNDBBNDAsNDAsMCwwLDAsMTc2LDEzNlptMCw2NGEyNCwyNCwwLDEsMSwyNC0yNEEyNCwyNCwwLDAsMSwxNzYsMjAwWiI+PC9wYXRoPjwvc3ZnPg==\" alt=\"\" style=\"object-fit:cover\"\/><\/figure>\n\n\n\n<div class=\"wp-block-group wp-container-content-958eb9dc\" style=\"padding-top:0;padding-right:0;padding-bottom:0;padding-left:0\"><div class=\"wp-block-group__inner-container is-layout-constrained wp-container-core-group-is-layout-ce3938d8 wp-block-group-is-layout-constrained\">\n<h3 class=\"wp-block-heading\">Variedade de Mercados<\/h3>\n\n\n\n<p>Acesse diversas lojas e marketplaces em um s\u00f3 lugar com facilidade<\/p>\n<\/div><\/div>\n<\/div>\n<\/div><\/div>\n<\/div><\/div>\n<\/div>\n\n\n\n<div class=\"wp-block-column is-vertically-aligned-stretch ext-animate--on is-layout-flow wp-block-column-is-layout-flow\">\n<div class=\"wp-block-group is-style-ext-preset--group--natural-1--item-card-1--align-start\"><div class=\"wp-block-group__inner-container is-layout-constrained wp-block-group-is-layout-constrained\">\n<div class=\"wp-block-group is-style-default\"><div class=\"wp-block-group__inner-container is-layout-constrained wp-block-group-is-layout-constrained\">\n<div class=\"wp-block-group is-nowrap is-layout-flex wp-container-core-group-is-layout-3c817655 wp-block-group-is-layout-flex\" style=\"padding-top:0;padding-right:0;padding-bottom:0;padding-left:0\">\n<figure class=\"wp-block-image size-large ext-aspect-landscape wp-duotone-varpresetduotoneprimary-foreground-3\"><img decoding=\"async\" src=\"data:image\/svg+xml;base64,PHN2ZyB4bWxucz0iaHR0cDovL3d3dy53My5vcmcvMjAwMC9zdmciIHdpZHRoPSI0OCIgaGVpZ2h0PSI0OCIgZmlsbD0iIzAwMDAwMCIgdmlld0JveD0iMCAwIDI1NiAyNTYiPjxwYXRoIGQ9Ik04MCw0MGE0MCw0MCwwLDEsMCw0MCw0MEE0MCw0MCwwLDAsMCw4MCw0MFptMCw2NGEyNCwyNCwwLDEsMSwyNC0yNEEyNCwyNCwwLDAsMSw4MCwxMDRabTk2LDE2YTQwLDQwLDAsMSwwLTQwLTQwQTQwLDQwLDAsMCwwLDE3NiwxMjBabTAtNjRhMjQsMjQsMCwxLDEtMjQsMjRBMjQsMjQsMCwwLDEsMTc2LDU2Wk04MCwxMzZhNDAsNDAsMCwxLDAsNDAsNDBBNDAsNDAsMCwwLDAsODAsMTM2Wm0wLDY0YTI0LDI0LDAsMSwxLDI0LTI0QTI0LDI0LDAsMCwxLDgwLDIwMFptMTM2LTI0YTgsOCwwLDAsMS04LDhIMTg0djI0YTgsOCwwLDAsMS0xNiwwVjE4NEgxNDRhOCw4LDAsMCwxLDAtMTZoMjRWMTQ0YTgsOCwwLDAsMSwxNiwwdjI0aDI0QTgsOCwwLDAsMSwyMTYsMTc2WiI+PC9wYXRoPjwvc3ZnPg==\" alt=\"\" style=\"object-fit:cover\"\/><\/figure>\n\n\n\n<div class=\"wp-block-group wp-container-content-958eb9dc\" style=\"padding-top:0;padding-right:0;padding-bottom:0;padding-left:0\"><div class=\"wp-block-group__inner-container is-layout-constrained wp-container-core-group-is-layout-ce3938d8 wp-block-group-is-layout-constrained\">\n<h3 class=\"wp-block-heading\">Suporte Dedicado<\/h3>\n\n\n\n<p>Conte com atendimento especializado para uma experi\u00eancia de compra tranquila<\/p>\n<\/div><\/div>\n<\/div>\n<\/div><\/div>\n<\/div><\/div>\n<\/div>\n<\/div>\n<\/div><\/div>\n\n<div class=\"wp-block-group alignfull is-style-ext-preset--group--natural-1--section has-background-background-color has-background\" style=\"margin-top:0;margin-bottom:0;padding-top:var(--wp--preset--spacing--70);padding-bottom:var(--wp--preset--spacing--70)\"><div class=\"wp-block-group__inner-container is-layout-constrained wp-block-group-is-layout-constrained\">\n<div class=\"wp-block-media-text alignwide is-stacked-on-mobile is-image-fill-element is-style-ext-preset--media-text--natural-1--card-1 ext-animate--on has-tertiary-background-color has-background\"><figure class=\"wp-block-media-text__media\"><img loading=\"lazy\" decoding=\"async\" width=\"1440\" height=\"810\" class=\"wp-image-38 size-full\" src=\"http:\/\/loja.jetasolutions.com.br\/vitrine\/wp-content\/uploads\/2026\/03\/f35ed4a651b07ad710ca2af5f972554998f1574a.jpg\" alt=\"\" style=\"object-position:50% 50%\" srcset=\"https:\/\/jetasolutions.com.br\/vitrine\/wp-content\/uploads\/2026\/03\/f35ed4a651b07ad710ca2af5f972554998f1574a.jpg 1440w, https:\/\/jetasolutions.com.br\/vitrine\/wp-content\/uploads\/2026\/03\/f35ed4a651b07ad710ca2af5f972554998f1574a-600x338.jpg 600w, https:\/\/jetasolutions.com.br\/vitrine\/wp-content\/uploads\/2026\/03\/f35ed4a651b07ad710ca2af5f972554998f1574a-300x169.jpg 300w, https:\/\/jetasolutions.com.br\/vitrine\/wp-content\/uploads\/2026\/03\/f35ed4a651b07ad710ca2af5f972554998f1574a-1024x576.jpg 1024w, https:\/\/jetasolutions.com.br\/vitrine\/wp-content\/uploads\/2026\/03\/f35ed4a651b07ad710ca2af5f972554998f1574a-768x432.jpg 768w\" sizes=\"(max-width: 1440px) 100vw, 1440px\" \/><\/figure><div class=\"wp-block-media-text__content\">\n<div class=\"wp-block-group alignwide is-vertical is-layout-flex wp-container-core-group-is-layout-581f75c1 wp-block-group-is-layout-flex\" style=\"padding-top:var(--wp--preset--spacing--60);padding-bottom:var(--wp--preset--spacing--60)\">\n<div class=\"wp-block-group\" style=\"padding-top:0;padding-right:0;padding-bottom:0;padding-left:0\"><div class=\"wp-block-group__inner-container is-layout-constrained wp-container-core-group-is-layout-c05df888 wp-block-group-is-layout-constrained\">\n<h2 class=\"wp-block-heading\">Descubra promo\u00e7\u00f5es exclusivas para voc\u00ea<\/h2>\n\n\n\n<p>Convidamos voc\u00ea a aproveitar nossas ofertas incr\u00edveis e garantir as melhores oportunidades. Inscreva-se agora para receber novidades e ofertas personalizadas, tornando sua experi\u00eancia de compra ainda mais vantajosa.<\/p>\n<\/div><\/div>\n\n\n\n<div class=\"wp-block-buttons is-layout-flex wp-block-buttons-is-layout-flex\">\n<div class=\"wp-block-button is-style-ext-preset--button--natural-1--button-1\"><a class=\"wp-block-button__link wp-element-button\" href=\"https:\/\/loja.jetasolutions.com.br\/vitrine\/promocoes\">Veja Detalhes<\/a><\/div>\n<\/div>\n<\/div>\n<\/div><\/div>\n<\/div><\/div>\n","protected":false},"excerpt":{"rendered":"<p>Explore as promo\u00e7\u00f5es que voc\u00ea merece Aqui, apresentamos uma ampla gama de servi\u00e7os que garantem qualidade e total satisfa\u00e7\u00e3o para voc\u00ea. Oferta Exclusiva Criamos esta oferta para atender suas demandas com efici\u00eancia e precis\u00e3o. Solu\u00e7\u00f5es Personalizadas Projetadas para proporcionar solu\u00e7\u00f5es \u00fanicas que maximizam seus resultados. Benef\u00edcios Garantidos Desenvolvido para entregar valor superior e confian\u00e7a cont\u00ednua &hellip; <\/p>\n<p class=\"link-more\"><a href=\"https:\/\/jetasolutions.com.br\/vitrine\/?page_id=27\" class=\"more-link\">Continue reading<span class=\"screen-reader-text\"> &#8220;Servi\u00e7os&#8221;<\/span><\/a><\/p>\n","protected":false},"author":1,"featured_media":0,"parent":0,"menu_order":0,"comment_status":"closed","ping_status":"closed","template":"page-with-title","meta":{"_uf_show_specific_survey":0,"_uf_disable_surveys":false,"_glsr_average":0,"_glsr_ranking":0,"_glsr_reviews":0,"_joinchat":[],"footnotes":""},"class_list":["post-27","page","type-page","status-publish","hentry"],"jetpack_sharing_enabled":true,"_links":{"self":[{"href":"https:\/\/jetasolutions.com.br\/vitrine\/index.php?rest_route=\/wp\/v2\/pages\/27","targetHints":{"allow":["GET"]}}],"collection":[{"href":"https:\/\/jetasolutions.com.br\/vitrine\/index.php?rest_route=\/wp\/v2\/pages"}],"about":[{"href":"https:\/\/jetasolutions.com.br\/vitrine\/index.php?rest_route=\/wp\/v2\/types\/page"}],"author":[{"embeddable":true,"href":"https:\/\/jetasolutions.com.br\/vitrine\/index.php?rest_route=\/wp\/v2\/users\/1"}],"replies":[{"embeddable":true,"href":"https:\/\/jetasolutions.com.br\/vitrine\/index.php?rest_route=%2Fwp%2Fv2%2Fcomments&post=27"}],"version-history":[{"count":2,"href":"https:\/\/jetasolutions.com.br\/vitrine\/index.php?rest_route=\/wp\/v2\/pages\/27\/revisions"}],"predecessor-version":[{"id":46,"href":"https:\/\/jetasolutions.com.br\/vitrine\/index.php?rest_route=\/wp\/v2\/pages\/27\/revisions\/46"}],"wp:attachment":[{"href":"https:\/\/jetasolutions.com.br\/vitrine\/index.php?rest_route=%2Fwp%2Fv2%2Fmedia&parent=27"}],"curies":[{"name":"wp","href":"https:\/\/api.w.org\/{rel}","templated":true}]}}