{"id":1885,"date":"2026-04-11T12:22:34","date_gmt":"2026-04-11T15:22:34","guid":{"rendered":"https:\/\/jetasolutions.com.br\/vitrine\/?page_id=1885"},"modified":"2026-04-14T11:57:44","modified_gmt":"2026-04-14T14:57:44","slug":"duvidas","status":"publish","type":"page","link":"https:\/\/jetasolutions.com.br\/vitrine\/?page_id=1885","title":{"rendered":"D\u00favidas Frequentes:"},"content":{"rendered":"\n<h3 class=\"wp-block-heading has-medium-font-size\">\ud83d\udccc 1. Como funciona o site?<\/h3>\n\n\n\n<blockquote class=\"wp-block-quote is-layout-flow wp-block-quote-is-layout-flow\">\n<p>Nosso site re\u00fane ofertas de diversas lojas parceiras como Shopee, Mercado Livre, AliExpress, Amazon e Hotmart. Ao clicar em um produto, voc\u00ea ser\u00e1 redirecionado para o site oficial da loja para finalizar a compra.<\/p>\n<\/blockquote>\n\n\n\n<hr class=\"wp-block-separator has-alpha-channel-opacity\"\/>\n\n\n\n<h3 class=\"wp-block-heading has-medium-font-size\">\ud83d\udccc 2. O site vende os produtos?<\/h3>\n\n\n\n<blockquote class=\"wp-block-quote is-layout-flow wp-block-quote-is-layout-flow\">\n<p>N\u00e3o. Somos um site afiliado, ou seja, apenas divulgamos ofertas. A compra, pagamento e entrega s\u00e3o feitos diretamente pela loja parceira.<\/p>\n<\/blockquote>\n\n\n\n<hr class=\"wp-block-separator has-alpha-channel-opacity\"\/>\n\n\n\n<h3 class=\"wp-block-heading has-medium-font-size\">\ud83d\udccc 3. O site \u00e9 seguro?<\/h3>\n\n\n\n<blockquote class=\"wp-block-quote is-layout-flow wp-block-quote-is-layout-flow\">\n<p>Sim. Trabalhamos apenas com plataformas confi\u00e1veis como Shopee, Mercado Livre, AliExpress, Amazon e Hotmart que possuem sistemas de pagamento seguros.<\/p>\n<\/blockquote>\n\n\n\n<hr class=\"wp-block-separator has-alpha-channel-opacity\"\/>\n\n\n\n<h3 class=\"wp-block-heading has-medium-font-size\">\ud83d\udccc 4. Como funciona a entrega?<\/h3>\n\n\n\n<blockquote class=\"wp-block-quote is-layout-flow wp-block-quote-is-layout-flow\">\n<p>A entrega \u00e9 realizada pela loja onde voc\u00ea finalizar a compra. Cada loja possui seus pr\u00f3prios prazos e pol\u00edticas.<\/p>\n<\/blockquote>\n\n\n\n<hr class=\"wp-block-separator has-alpha-channel-opacity\"\/>\n\n\n\n<h3 class=\"wp-block-heading has-medium-font-size\">\ud83d\udccc 5. Qual o prazo de entrega?<\/h3>\n\n\n\n<blockquote class=\"wp-block-quote is-layout-flow wp-block-quote-is-layout-flow\">\n<p>O prazo varia de acordo com o vendedor e a localiza\u00e7\u00e3o do produto. Em compras internacionais (como AliExpress), pode levar de 10 a 25 dias \u00fateis.<\/p>\n<\/blockquote>\n\n\n\n<hr class=\"wp-block-separator has-alpha-channel-opacity\"\/>\n\n\n\n<h3 class=\"wp-block-heading has-medium-font-size\">\ud83d\udccc 6. Posso rastrear meu pedido?<\/h3>\n\n\n\n<blockquote class=\"wp-block-quote is-layout-flow wp-block-quote-is-layout-flow\">\n<p>Sim. Ap\u00f3s a compra, a pr\u00f3pria loja enviar\u00e1 o c\u00f3digo de rastreio por e-mail ou dentro da sua conta.<\/p>\n<\/blockquote>\n\n\n\n<hr class=\"wp-block-separator has-alpha-channel-opacity\"\/>\n\n\n\n<h3 class=\"wp-block-heading has-medium-font-size\">\ud83d\udccc 7. Como funciona troca ou devolu\u00e7\u00e3o?<\/h3>\n\n\n\n<blockquote class=\"wp-block-quote is-layout-flow wp-block-quote-is-layout-flow\">\n<p>Trocas e devolu\u00e7\u00f5es devem ser solicitadas diretamente na loja onde o produto foi comprado.<\/p>\n<\/blockquote>\n\n\n\n<hr class=\"wp-block-separator has-alpha-channel-opacity\"\/>\n\n\n\n<h3 class=\"wp-block-heading has-medium-font-size\">\ud83d\udccc 8. Voc\u00eas oferecem garantia?<\/h3>\n\n\n\n<blockquote class=\"wp-block-quote is-layout-flow wp-block-quote-is-layout-flow\">\n<p>A garantia \u00e9 oferecida pelo vendedor ou pela plataforma onde a compra foi realizada.<\/p>\n<\/blockquote>\n\n\n\n<hr class=\"wp-block-separator has-alpha-channel-opacity\"\/>\n\n\n\n<h3 class=\"wp-block-heading has-medium-font-size\">\ud83d\udccc 9. Preciso pagar algo a mais?<\/h3>\n\n\n\n<blockquote class=\"wp-block-quote is-layout-flow wp-block-quote-is-layout-flow\">\n<p>Em compras internacionais, pode haver cobran\u00e7a de taxas de importa\u00e7\u00e3o conforme regras do Brasil.<\/p>\n<\/blockquote>\n\n\n\n<hr class=\"wp-block-separator has-alpha-channel-opacity\"\/>\n\n\n\n<blockquote class=\"wp-block-quote is-layout-flow wp-block-quote-is-layout-flow\">\n<p class=\"has-black-color has-text-color has-link-color has-large-font-size wp-elements-275fc6a57ea8c7e65067df6b49eabf0e\"><strong>\ud83d\udccc 10.  Quer aumentar suas vendas e alcan\u00e7ar mais clientes?<\/strong><\/p>\n\n\n\n<p>Aqui na JetaSolutions voc\u00ea pode divulgar seus infoprodutos de forma estrat\u00e9gica e com excelente custo-benef\u00edcio. Oferecemos op\u00e7\u00f5es de an\u00fancios com 1 at\u00e9 5 banners, garantindo mais visibilidade para o seu produto e maior alcance para o seu p\u00fablico.<\/p>\n\n\n\n<p>\u00c9 a oportunidade ideal para destacar sua oferta e vender mais todos os dias!<\/p>\n\n\n\n<p class=\"has-vivid-red-color has-text-color has-link-color has-medium-font-size wp-elements-38c2adc4cb5f4508b146ac978154e6cd\"><strong>APROVEITE A PROMO\u00c7\u00c3O DE LAN\u00c7AMENTO :<\/strong><\/p>\n\n\n\n<ul class=\"wp-block-list\">\n<li>Fale agora conosco pelo WhatsApp para mais an\u00fancios. Vamos te ajudar a crescer e escalar seus resultados.<\/li>\n<\/ul>\n<\/blockquote>\n\n\n\n<p class=\"has-vivid-red-color has-text-color has-link-color has-medium-font-size wp-elements-8bf76d644c8e4d58759ac2d3017c2b2f\"><strong>COMO FAZER para ter um INFOPRODUTO GR\u00c1TIS POR 30 DIAS PARA NOVOS ANUNCIANTES.<\/strong><\/p>\n\n\n\n<p>Ap\u00f3s seu contato pelo WhatsApp : (11)99972-8338<\/p>\n\n\n\n<ul class=\"wp-block-list has-black-color has-text-color has-link-color wp-elements-dc0f58a33571452a2147465a537238ff\">\n<li>1 &#8211; Envie o link da p\u00e1gina do INFOPRODUTO a ser divulgado, para podermos baixar a foto da capa.<\/li>\n<\/ul>\n\n\n\n<ul class=\"wp-block-list has-black-color has-text-color has-link-color wp-elements-5e6a46cefa2a5b0f940b6bd7b092ad27\">\n<li>2 &#8211; Envie seu link de &#8220;VENDAS ou CHEKOUT&#8221; ( Importante para seu ganho na plataforma HOTMART )<\/li>\n<\/ul>\n\n\n\n<ul class=\"wp-block-list has-black-color has-text-color has-link-color wp-elements-ca793e9ffeeae394bfc5c792d95f4a48\">\n<li>3 &#8211; DIVULGUE NOSSO SITE e publique seu link nas REDES SOCIAIS.<\/li>\n<\/ul>\n\n\n\n<ul class=\"wp-block-list\">\n<li>OBS: Cada novo anunciante tem direito apenas a 1 an\u00fancio gratuito.<\/li>\n<\/ul>\n\n\n\n<ul class=\"wp-block-list\">\n<li>Ap\u00f3s 30 dias o anunciante pode efetuar a renova\u00e7\u00e3o, entre em contato conosco pelo WhatsApp.<\/li>\n<\/ul>\n\n\n\n<hr class=\"wp-block-separator has-alpha-channel-opacity\"\/>\n\n\n\n<h2 class=\"wp-block-heading\">IMPORTANTE !<\/h2>\n\n\n\n<p><\/p>\n\n\n\n<blockquote class=\"wp-block-quote is-layout-flow wp-block-quote-is-layout-flow\">\n<p>\u26a0\ufe0f Este site participa de programas de afiliados e pode receber comiss\u00e3o por compras realizadas atrav\u00e9s dos links.<\/p>\n<\/blockquote>\n\n\n\n<p><\/p>\n","protected":false},"excerpt":{"rendered":"<p>\ud83d\udccc 1. Como funciona o site? Nosso site re\u00fane ofertas de diversas lojas parceiras como Shopee, Mercado Livre, AliExpress, Amazon e Hotmart. Ao clicar em um produto, voc\u00ea ser\u00e1 redirecionado para o site oficial da loja para finalizar a compra. \ud83d\udccc 2. O site vende os produtos? N\u00e3o. Somos um site afiliado, ou seja, apenas &hellip; <\/p>\n<p class=\"link-more\"><a href=\"https:\/\/jetasolutions.com.br\/vitrine\/?page_id=1885\" class=\"more-link\">Continue reading<span class=\"screen-reader-text\"> &#8220;D\u00favidas Frequentes:&#8221;<\/span><\/a><\/p>\n","protected":false},"author":1,"featured_media":0,"parent":0,"menu_order":0,"comment_status":"closed","ping_status":"closed","template":"","meta":{"_uf_show_specific_survey":0,"_uf_disable_surveys":false,"_glsr_average":0,"_glsr_ranking":0,"_glsr_reviews":0,"_joinchat":[],"footnotes":""},"class_list":["post-1885","page","type-page","status-publish","hentry"],"jetpack_sharing_enabled":true,"_links":{"self":[{"href":"https:\/\/jetasolutions.com.br\/vitrine\/index.php?rest_route=\/wp\/v2\/pages\/1885","targetHints":{"allow":["GET"]}}],"collection":[{"href":"https:\/\/jetasolutions.com.br\/vitrine\/index.php?rest_route=\/wp\/v2\/pages"}],"about":[{"href":"https:\/\/jetasolutions.com.br\/vitrine\/index.php?rest_route=\/wp\/v2\/types\/page"}],"author":[{"embeddable":true,"href":"https:\/\/jetasolutions.com.br\/vitrine\/index.php?rest_route=\/wp\/v2\/users\/1"}],"replies":[{"embeddable":true,"href":"https:\/\/jetasolutions.com.br\/vitrine\/index.php?rest_route=%2Fwp%2Fv2%2Fcomments&post=1885"}],"version-history":[{"count":24,"href":"https:\/\/jetasolutions.com.br\/vitrine\/index.php?rest_route=\/wp\/v2\/pages\/1885\/revisions"}],"predecessor-version":[{"id":2495,"href":"https:\/\/jetasolutions.com.br\/vitrine\/index.php?rest_route=\/wp\/v2\/pages\/1885\/revisions\/2495"}],"wp:attachment":[{"href":"https:\/\/jetasolutions.com.br\/vitrine\/index.php?rest_route=%2Fwp%2Fv2%2Fmedia&parent=1885"}],"curies":[{"name":"wp","href":"https:\/\/api.w.org\/{rel}","templated":true}]}}